{"id":10,"date":"2022-10-22T12:21:50","date_gmt":"2022-10-22T12:21:50","guid":{"rendered":"https:\/\/halvarsson.no-ip.com\/wordpressssf\/?page_id=10"},"modified":"2022-10-22T12:45:14","modified_gmt":"2022-10-22T12:45:14","slug":"contact","status":"publish","type":"page","link":"https:\/\/halvarsson.no-ip.com\/wordpressssf\/contact\/","title":{"rendered":"Kontakt"},"content":{"rendered":"\n<p>Hittar du inte hur du g\u00f6r n\u00e5got h\u00e4r s\u00e5 kan du kontakta kansliet kontorstid p\u00e5 018-36 46 00.<\/p>\n\n\n\n<p>Har du hittat ett fel p\u00e5 sj\u00e4lva medlemssystemet, eller har f\u00f6rslag p\u00e5 f\u00f6rb\u00e4ttringar, kan du kontakta <a href=\"mailto:peter@halvarsson.no-ip.com\" data-type=\"mailto\" data-id=\"mailto:peter@halvarsson.no-ip.com\">utvecklaren<\/a> p\u00e5 epost.<\/p>\n","protected":false},"excerpt":{"rendered":"<p>Hittar du inte hur du g\u00f6r n\u00e5got h\u00e4r s\u00e5 kan du kontakta kansliet kontorstid p\u00e5 018-36 46 00. Har du hittat ett fel p\u00e5 sj\u00e4lva medlemssystemet, eller har f\u00f6rslag p\u00e5 f\u00f6rb\u00e4ttringar, kan du kontakta utvecklaren p\u00e5 epost.<\/p>\n","protected":false},"author":1,"featured_media":0,"parent":0,"menu_order":0,"comment_status":"closed","ping_status":"closed","template":"","meta":{"footnotes":""},"class_list":["post-10","page","type-page","status-publish","hentry"],"_links":{"self":[{"href":"https:\/\/halvarsson.no-ip.com\/wordpressssf\/wp-json\/wp\/v2\/pages\/10","targetHints":{"allow":["GET"]}}],"collection":[{"href":"https:\/\/halvarsson.no-ip.com\/wordpressssf\/wp-json\/wp\/v2\/pages"}],"about":[{"href":"https:\/\/halvarsson.no-ip.com\/wordpressssf\/wp-json\/wp\/v2\/types\/page"}],"author":[{"embeddable":true,"href":"https:\/\/halvarsson.no-ip.com\/wordpressssf\/wp-json\/wp\/v2\/users\/1"}],"replies":[{"embeddable":true,"href":"https:\/\/halvarsson.no-ip.com\/wordpressssf\/wp-json\/wp\/v2\/comments?post=10"}],"version-history":[{"count":2,"href":"https:\/\/halvarsson.no-ip.com\/wordpressssf\/wp-json\/wp\/v2\/pages\/10\/revisions"}],"predecessor-version":[{"id":48,"href":"https:\/\/halvarsson.no-ip.com\/wordpressssf\/wp-json\/wp\/v2\/pages\/10\/revisions\/48"}],"wp:attachment":[{"href":"https:\/\/halvarsson.no-ip.com\/wordpressssf\/wp-json\/wp\/v2\/media?parent=10"}],"curies":[{"name":"wp","href":"https:\/\/api.w.org\/{rel}","templated":true}]}}