{"id":291,"date":"2024-10-06T10:43:24","date_gmt":"2024-10-06T10:43:24","guid":{"rendered":"https:\/\/halvarsson.no-ip.com\/wordpressssf\/?page_id=291"},"modified":"2024-10-06T19:38:47","modified_gmt":"2024-10-06T19:38:47","slug":"schackfyran-fysisk-tavling-otb","status":"publish","type":"page","link":"https:\/\/halvarsson.no-ip.com\/wordpressssf\/schackfyran-fysisk-tavling-otb\/","title":{"rendered":"Schackfyran &#8211; fysisk t\u00e4vling OTB"},"content":{"rendered":"\n<p>Om man vill genomf\u00f6ra en schackfyrant\u00e4vling s\u00e5 fungerar det som en individuell turnering med vissa laginslag.<\/p>\n\n\n\n<p>B\u00f6rja med att skapa en ny turnering, v\u00e4lj typ schackfyran. V\u00e4lj start och slutdatum till den dag t\u00e4vlingen ska spelas. Det \u00e4r viktigt f\u00f6r att po\u00e4ngen ska r\u00e4knas ut korrekt!<\/p>\n\n\n\n<p>V\u00e4lj monrad som lottningssystem och antal ronder.<\/p>\n\n\n\n<p>St\u00e4ll in annat som en normal turnering.<\/p>\n\n\n\n<p>G\u00e5 sedan p\u00e5 gruppen och det finns tv\u00e5 val i toppmenyn f\u00f6r att l\u00e4gga till deltagare manuellt:<\/p>\n\n\n\n<ul class=\"wp-block-list\"><li>L\u00e4gg till klass<\/li><li>L\u00e4gg till deltagare<\/li><\/ul>\n\n\n\n<p>L\u00e4gg f\u00f6rst till klassen, fyll i antal elever som g\u00e5r i klassen. Alla klasser m\u00e5ste ha en klasstorlek f\u00f6r att klasspo\u00e4ngen f\u00f6r alla lag!<\/p>\n\n\n\n<p>L\u00e4gg sedan till deltagare i klassen med medlemsid. Namnuppslagningen fungerar endast f\u00f6r t\u00e4vlingsregistrerade spelare.<\/p>\n\n\n\n<p>Alternativt s\u00e5 kan man \u00f6ppna upp s\u00e5 att skolorna kan anm\u00e4la sig sj\u00e4lva p\u00e5 samma s\u00e4tt som till Yes2Chess. Ta kontakt med kansliet f\u00f6r hj\u00e4lp med detta. D\u00e5 sk\u00f6ter l\u00e4rarna detta sj\u00e4lva och ni beh\u00f6ver endast v\u00e4lja menyvalet &#8220;H\u00e4mta deltagare fr\u00e5n schackfyranklasser&#8221; och alla ramlar in automatiskt.<\/p>\n\n\n\n<p>Sedan \u00e4r det bara att pricka f\u00f6r barnen och lotta som vanligt. N\u00e4r man prickar av en deltagare, s\u00e5 blir klassen automatiskt avprickad. Alla klasser som har deltagare som \u00e4r avprickade ska ocks\u00e5 vara avprickade, men de blir allts\u00e5 de automatiskt.<\/p>\n\n\n\n<p>Resultatsidan f\u00f6r gruppen r\u00e4knar ut schackfyranpo\u00e4ngen f\u00f6r klasserna och inga individuella resultat visas publikt.<\/p>\n\n\n\n<figure class=\"wp-block-image size-full\"><img loading=\"lazy\" decoding=\"async\" width=\"480\" height=\"119\" src=\"https:\/\/halvarsson.no-ip.com\/wordpressssf\/wp-content\/uploads\/2024\/10\/image-2.png\" alt=\"\" class=\"wp-image-303\" srcset=\"https:\/\/halvarsson.no-ip.com\/wordpressssf\/wp-content\/uploads\/2024\/10\/image-2.png 480w, https:\/\/halvarsson.no-ip.com\/wordpressssf\/wp-content\/uploads\/2024\/10\/image-2-300x74.png 300w\" sizes=\"auto, (max-width: 480px) 100vw, 480px\" \/><\/figure>\n\n\n\n<p>Under Skriv Ut i toppmenyn finns kan man skriva ut lottningen klassvis s\u00e5 man kan ge den till l\u00e4rare, samt \u00e4ven lottningen f\u00f6r projektor\/hemsida d\u00e4r barnen kan hitta sina platser enkelt.<\/p>\n\n\n\n<figure class=\"wp-block-image size-full\"><img loading=\"lazy\" decoding=\"async\" width=\"772\" height=\"688\" src=\"https:\/\/halvarsson.no-ip.com\/wordpressssf\/wp-content\/uploads\/2024\/10\/image.png\" alt=\"\" class=\"wp-image-300\" srcset=\"https:\/\/halvarsson.no-ip.com\/wordpressssf\/wp-content\/uploads\/2024\/10\/image.png 772w, https:\/\/halvarsson.no-ip.com\/wordpressssf\/wp-content\/uploads\/2024\/10\/image-300x267.png 300w, https:\/\/halvarsson.no-ip.com\/wordpressssf\/wp-content\/uploads\/2024\/10\/image-768x684.png 768w, https:\/\/halvarsson.no-ip.com\/wordpressssf\/wp-content\/uploads\/2024\/10\/image-600x535.png 600w\" sizes=\"auto, (max-width: 772px) 100vw, 772px\" \/><\/figure>\n\n\n\n<figure class=\"wp-block-image size-full\"><img loading=\"lazy\" decoding=\"async\" width=\"275\" height=\"81\" src=\"https:\/\/halvarsson.no-ip.com\/wordpressssf\/wp-content\/uploads\/2024\/10\/image-1.png\" alt=\"\" class=\"wp-image-301\"\/><\/figure>\n","protected":false},"excerpt":{"rendered":"<p>Om man vill genomf\u00f6ra en schackfyrant\u00e4vling s\u00e5 fungerar det som en individuell turnering med vissa laginslag. B\u00f6rja med att skapa en ny turnering, v\u00e4lj typ schackfyran. V\u00e4lj start och slutdatum till den dag t\u00e4vlingen ska spelas. Det \u00e4r viktigt f\u00f6r att po\u00e4ngen ska r\u00e4knas ut korrekt! V\u00e4lj monrad som lottningssystem och antal ronder. St\u00e4ll in annat som en normal turnering. G\u00e5 sedan p\u00e5 gruppen och det finns tv\u00e5 val i toppmenyn f\u00f6r att l\u00e4gga till deltagare manuellt: L\u00e4gg till klass L\u00e4gg till deltagare L\u00e4gg f\u00f6rst till klassen, fyll i antal elever som g\u00e5r i klassen. Alla klasser m\u00e5ste ha en&#46;&#46;&#46;<\/p>\n","protected":false},"author":1,"featured_media":0,"parent":0,"menu_order":0,"comment_status":"closed","ping_status":"closed","template":"","meta":{"footnotes":""},"class_list":["post-291","page","type-page","status-publish","hentry"],"_links":{"self":[{"href":"https:\/\/halvarsson.no-ip.com\/wordpressssf\/wp-json\/wp\/v2\/pages\/291","targetHints":{"allow":["GET"]}}],"collection":[{"href":"https:\/\/halvarsson.no-ip.com\/wordpressssf\/wp-json\/wp\/v2\/pages"}],"about":[{"href":"https:\/\/halvarsson.no-ip.com\/wordpressssf\/wp-json\/wp\/v2\/types\/page"}],"author":[{"embeddable":true,"href":"https:\/\/halvarsson.no-ip.com\/wordpressssf\/wp-json\/wp\/v2\/users\/1"}],"replies":[{"embeddable":true,"href":"https:\/\/halvarsson.no-ip.com\/wordpressssf\/wp-json\/wp\/v2\/comments?post=291"}],"version-history":[{"count":9,"href":"https:\/\/halvarsson.no-ip.com\/wordpressssf\/wp-json\/wp\/v2\/pages\/291\/revisions"}],"predecessor-version":[{"id":304,"href":"https:\/\/halvarsson.no-ip.com\/wordpressssf\/wp-json\/wp\/v2\/pages\/291\/revisions\/304"}],"wp:attachment":[{"href":"https:\/\/halvarsson.no-ip.com\/wordpressssf\/wp-json\/wp\/v2\/media?parent=291"}],"curies":[{"name":"wp","href":"https:\/\/api.w.org\/{rel}","templated":true}]}}