{"id":316,"date":"2025-08-29T15:21:57","date_gmt":"2025-08-29T15:21:57","guid":{"rendered":"https:\/\/halvarsson.no-ip.com\/wordpressssf\/?page_id=316"},"modified":"2025-08-29T15:21:57","modified_gmt":"2025-08-29T15:21:57","slug":"publikt-api","status":"publish","type":"page","link":"https:\/\/halvarsson.no-ip.com\/wordpressssf\/publikt-api\/","title":{"rendered":"Publikt API"},"content":{"rendered":"\n<p>Nu finns starten p\u00e5 ett\u00a0<a href=\"https:\/\/member.schack.se\/swagger-ui\/index.html\">publikt API<\/a>\u00a0i medlemssystemet. Detta f\u00f6r att kunna h\u00e4mta turneringsinformation etc och kunna styra formatering av den sj\u00e4lva p\u00e5 klubbens hemsida tex. <\/p>\n\n\n\n<p>Det finns inga operationer f\u00f6r att \u00e4ndra saker i medlemssystemet \u00e4nnu, bara h\u00e4mta information.<\/p>\n","protected":false},"excerpt":{"rendered":"<p>Nu finns starten p\u00e5 ett\u00a0publikt API\u00a0i medlemssystemet. Detta f\u00f6r att kunna h\u00e4mta turneringsinformation etc och kunna styra formatering av den sj\u00e4lva p\u00e5 klubbens hemsida tex. Det finns inga operationer f\u00f6r att \u00e4ndra saker i medlemssystemet \u00e4nnu, bara h\u00e4mta information.<\/p>\n","protected":false},"author":1,"featured_media":0,"parent":0,"menu_order":0,"comment_status":"closed","ping_status":"closed","template":"","meta":{"footnotes":""},"class_list":["post-316","page","type-page","status-publish","hentry"],"_links":{"self":[{"href":"https:\/\/halvarsson.no-ip.com\/wordpressssf\/wp-json\/wp\/v2\/pages\/316","targetHints":{"allow":["GET"]}}],"collection":[{"href":"https:\/\/halvarsson.no-ip.com\/wordpressssf\/wp-json\/wp\/v2\/pages"}],"about":[{"href":"https:\/\/halvarsson.no-ip.com\/wordpressssf\/wp-json\/wp\/v2\/types\/page"}],"author":[{"embeddable":true,"href":"https:\/\/halvarsson.no-ip.com\/wordpressssf\/wp-json\/wp\/v2\/users\/1"}],"replies":[{"embeddable":true,"href":"https:\/\/halvarsson.no-ip.com\/wordpressssf\/wp-json\/wp\/v2\/comments?post=316"}],"version-history":[{"count":1,"href":"https:\/\/halvarsson.no-ip.com\/wordpressssf\/wp-json\/wp\/v2\/pages\/316\/revisions"}],"predecessor-version":[{"id":317,"href":"https:\/\/halvarsson.no-ip.com\/wordpressssf\/wp-json\/wp\/v2\/pages\/316\/revisions\/317"}],"wp:attachment":[{"href":"https:\/\/halvarsson.no-ip.com\/wordpressssf\/wp-json\/wp\/v2\/media?parent=316"}],"curies":[{"name":"wp","href":"https:\/\/api.w.org\/{rel}","templated":true}]}}