{"id":56,"date":"2022-10-22T12:55:01","date_gmt":"2022-10-22T12:55:01","guid":{"rendered":"https:\/\/halvarsson.no-ip.com\/wordpressssf\/?page_id=56"},"modified":"2024-04-21T09:55:07","modified_gmt":"2024-04-21T09:55:07","slug":"organisation","status":"publish","type":"page","link":"https:\/\/halvarsson.no-ip.com\/wordpressssf\/organisation\/","title":{"rendered":"Organisation"},"content":{"rendered":"\n<p><strong><em>Vyn Se Riksf\u00f6rbund<\/em><\/strong><br><strong>Exempelbild:<\/strong><\/p>\n\n\n\n<hr class=\"wp-block-separator has-alpha-channel-opacity\"\/>\n\n\n\n<figure class=\"wp-block-image\"><img decoding=\"async\" src=\"https:\/\/halvarsson.no-ip.com\/wordpressssf\/wp-content\/uploads\/2024\/04\/organisation.png\" alt=\"\"\/><\/figure>\n\n\n\n<hr class=\"wp-block-separator has-alpha-channel-opacity\"\/>\n\n\n\n<p><strong>Beskrivning:<\/strong><\/p>\n\n\n\n<p>\u00d6verst st\u00e5r namnet p\u00e5 det aktuella riksf\u00f6rbundet, \u00e4n s\u00e5 l\u00e4nge finns bara ett riksf\u00f6rbund, n\u00e4mligen Sveriges Schackf\u00f6rbund. Sedan kommer strukturraden som indikerar att du nu \u00e4r vid Sveriges Schackf\u00f6rbund. Klickar du p\u00e5 denna l\u00e4nk kommer du tillbaka till samma sida.<br>D\u00e4refter kommer en tabell med Sveriges Schackf\u00f6rbunds uppgifter s\u00e5som adress, telefonnummer, epostadress och verksamhets\u00e5r. Riksadministrat\u00f6ren kan \u00e4ven l\u00e4gga till distrikt till riksf\u00f6rbundet h\u00e4r. Det finns \u00e4ven exportfunktion f\u00f6r att exportera f\u00f6rbundets alla medlemmar till Excel.<br>F\u00f6r att hantera adresslistor som \u00e4r sorterade f\u00f6r PostNord g\u00e4llande TfS finns Hantera TfS-knappen. \u00c4ven hanteringen f\u00f6r medlemsregistrering finns som en funktion samt en funktion f\u00f6r att sl\u00e5 ihop dubblettmedlemmar av en och samma person till ett och samma medlems-id.<\/p>\n\n\n\n<p>Visa medlemsdistrikt visar de distrikt som bildar Sveriges Schackf\u00f6rbund. Visa centralstyrelse visar de aktuella centralstyrelsemedlemmarna. Visa rankinglista visar rankinglistor f\u00f6r alla f\u00f6rbundets medlemmar. Dessa finns \u00e4ven publicerade publikt&nbsp; s\u00e5 man inte beh\u00f6ver logga in i medlemssystemet. Se Sveriges Schackf\u00f6rbunds hemsida f\u00f6r l\u00e4nkar.<br><strong><\/strong><a><\/a><br><strong><em>Vyn \u00c4ndra Riksf\u00f6rbund<\/em><\/strong><br><strong>Exempelbild:<\/strong><\/p>\n\n\n\n<hr class=\"wp-block-separator has-alpha-channel-opacity\"\/>\n\n\n\n<figure class=\"wp-block-image\"><img decoding=\"async\" src=\"https:\/\/halvarsson.no-ip.com\/wordpressssf\/wp-content\/uploads\/2024\/04\/edit_riks.png\" alt=\"\"\/><\/figure>\n\n\n\n<figure class=\"wp-block-table\"><table><tbody><tr><\/tr><tr><td><\/td><\/tr><\/tbody><\/table><\/figure>\n\n\n\n<hr class=\"wp-block-separator has-alpha-channel-opacity\"\/>\n\n\n\n<h3 class=\"wp-block-heading\"><small>Beskrivning:<\/small><\/h3>\n\n\n\n<p>\u00d6verst st\u00e5r namnet p\u00e5 det aktuella riksf\u00f6rbundet, \u00e4n s\u00e5 l\u00e4nge finns bara ett riksf\u00f6rbund, n\u00e4mligen Sveriges Schackf\u00f6rbund. Sedan kommer strukturraden som indikerar att du nu \u00e4r vid Sveriges Schackf\u00f6rbund. Klickar du p\u00e5 denna l\u00e4nk kommer du tillbaka till samma sida.<br>D\u00e4refter kommer en tabell med Sveriges Schackf\u00f6rbunds uppgifter d\u00e4r du kan \u00e4ndra uppgifterna. Observera att postnummer f\u00e4ltet endast f\u00e5r inneh\u00e5lla siffror och att alla datum ska skrivas p\u00e5 formen \u00c5\u00c5\u00c5\u00c5-MM-DD, ex: 2009-01-01.<br>Ett verksamhets\u00e5r ska b\u00f6rja ett datum ena \u00e5ret och sluta ett \u00e5r fram\u00e5t i tiden, ex. 2009-01-01 &#8211; 2009-12-31 eller vid brutet verksamhets\u00e5r ex: 2008-08-01 &#8211; 2009-07-30. N\u00e4r du \u00e4r klar med \u00e4ndringarna, klicka p\u00e5 spara.<\/p>\n\n\n\n<p>F\u00e5r du nu varningsf\u00f6nster med exempelvis texten: &#8220;<em>Verksamhets\u00e5r startdatum m\u00e5ste s\u00e4ttas och inneh\u00e5lla ett datum p\u00e5 formatet: \u00c5\u00c5\u00c5\u00c5-MM-DD, ex: 2008-01-01<\/em>&#8221; s\u00e5 har du matat in datum p\u00e5 fel form. Ingen information har skickats till medlemsregistret utan du m\u00e5ste korrigera dina uppgifter och klicka p\u00e5 spara igen.<\/p>\n\n\n\n<p>Om allt g\u00e5r v\u00e4l b\u00f6r du f\u00e5 upp f\u00f6ljande:<\/p>\n\n\n\n<hr class=\"wp-block-separator has-alpha-channel-opacity\"\/>\n\n\n\n<p>F\u00f6rbundet Sveriges schackf\u00f6rbund uppdaterad. Klicka h\u00e4r f\u00f6r att g\u00e5 vidare. &nbsp;<\/p>\n\n\n\n<hr class=\"wp-block-separator has-alpha-channel-opacity\"\/>\n\n\n\n<p>N\u00e4r du klickat p\u00e5 &#8220;h\u00e4r&#8221; kommer du tillbaka till vyn Se riksf\u00f6rbund.<\/p>\n\n\n\n<p id=\"add_district\"><a><\/a><br><strong><em>Vyn L\u00e4gg till distrikt<\/em><\/strong><\/p>\n\n\n\n<figure class=\"wp-block-image\"><img decoding=\"async\" src=\"https:\/\/halvarsson.no-ip.com\/wordpressssf\/wp-content\/uploads\/2024\/04\/lagg_till_distrikt.png\" alt=\"\"\/><\/figure>\n\n\n\n<h3 class=\"wp-block-heading\"><small>Beskrivning:<\/small><\/h3>\n\n\n\n<p>\u00d6verst framg\u00e5r att du nu ska l\u00e4gga till ett distrikt. Sedan kommer strukturraden som indikerar att du nu \u00e4r vid aktuellt distrikt under Sveriges Schackf\u00f6rbund. Klickar du p\u00e5 denna n\u00e5gon av l\u00e4nkarna kommer till vyn se uppgifter om F\u00f6rbund eller distrikt.<br>D\u00e4refter kommer en tabell med det nya distriktets uppgifter d\u00e4r du kan \u00e4ndra uppgifterna. Observera att postnummer f\u00e4ltet endast f\u00e5r inneh\u00e5lla siffror och att alla datum ska skrivas p\u00e5 formen \u00c5\u00c5\u00c5\u00c5-MM-DD, ex: 2009-01-01.<br>Ett verksamhets\u00e5r ska b\u00f6rja ett datum ena \u00e5ret och sluta ett \u00e5r fram\u00e5t i tiden, ex. 2009-01-01 &#8211; 2009-12-31 eller vid brutet verksamhets\u00e5r ex: 2008-08-01 &#8211; 2009-07-30. N\u00e4r du \u00e4r klar med \u00e4ndringarna, klicka p\u00e5 spara.<\/p>\n\n\n\n<p>F\u00e5r du nu varningsf\u00f6nster med exempelvis texten: &#8220;<em>Verksamhets\u00e5r startdatum m\u00e5ste s\u00e4ttas och inneh\u00e5lla ett datum p\u00e5 formatet: \u00c5\u00c5\u00c5\u00c5-MM-DD, ex: 2008-01-01<\/em>&#8221; s\u00e5 har du matat in datum p\u00e5 fel form. Ingen information har skickats till medlemsregistret utan du m\u00e5ste korrigera dina uppgifter och klicka p\u00e5 spara igen.<\/p>\n\n\n\n<p>Om allt g\u00e5r v\u00e4l b\u00f6r du f\u00e5 upp f\u00f6ljande:<\/p>\n\n\n\n<hr class=\"wp-block-separator has-alpha-channel-opacity\"\/>\n\n\n\n<p>Distrikt Nya Distriktet skapat. Klicka h\u00e4r f\u00f6r att g\u00e5 vidare.<\/p>\n\n\n\n<hr class=\"wp-block-separator has-alpha-channel-opacity\"\/>\n\n\n\n<p>N\u00e4r du klickat p\u00e5 &#8220;h\u00e4r&#8221; kommer du till till vyn Se distrikt med det nya distriktet som du skapat vald.<\/p>\n\n\n\n<p><a><\/a><br><strong><em>Vyn Se distrikt<\/em><\/strong><br><strong>Exempelbild:<\/strong><\/p>\n\n\n\n<hr class=\"wp-block-separator has-alpha-channel-opacity\"\/>\n\n\n\n<figure class=\"wp-block-table\"><table><tbody><tr><\/tr><tr><td><img decoding=\"async\" src=\"https:\/\/halvarsson.no-ip.com\/wordpressssf\/wp-content\/uploads\/2024\/04\/distriktet.png\" alt=\"\"><br><\/td><\/tr><\/tbody><\/table><\/figure>\n\n\n\n<p><strong><\/strong><\/p>\n\n\n\n<hr class=\"wp-block-separator has-alpha-channel-opacity\"\/>\n\n\n\n<p><strong><br>Beskrivning:<\/strong><br>\u00d6verst st\u00e5r namnet p\u00e5 det aktuella distriktet. Sedan kommer strukturraden som indikerar att du nu \u00e4r vid ditt distrikt under Sveriges Schackf\u00f6rbund.&nbsp;Klickar du p\u00e5 n\u00e5gon av l\u00e4nkarna kommer du till respektive se vy.<br>D\u00e4refter kommer en tabell med distriktets uppgifter s\u00e5som adress, telefonnummer, epostadress och verksamhets\u00e5r. Om man har r\u00e4ttigheter s\u00e5 kan man \u00e4ndra dessa uppgifter, det \u00e4r dock endast distrikts och riksadministrat\u00f6rer som kan g\u00f6ra detta. Administrat\u00f6ren kan \u00e4ven l\u00e4gga till klubbar till distriktet h\u00e4r. Dessa tv\u00e5 val finns (om man har r\u00e4ttigheterna till det) som val under distriktets namn i toppmenyn.<br>Under denna tabell finns en en lista \u00f6ver de klubbar som finns i distriktet. Man kan \u00e4ven se de aktuella f\u00f6rtroendevalda i distriktet samt rankinglistor f\u00f6r distriktet (kommer)Klickar man p\u00e5 n\u00e5gon av l\u00e4nkarna s\u00e5 visas respektive lista.<br>Man kan \u00e4ven se information om de bidrag som distriktet f\u00e5tt fr\u00e5n Sveriges Schackf\u00f6rbund bak\u00e5t i tiden.<\/p>\n\n\n\n<p><a><\/a><\/p>\n\n\n\n<p><strong><\/strong><a><\/a><br><strong><em>Vyn L\u00e4gg till klubb<\/em><\/strong><br><strong>Exempelbild:<\/strong><\/p>\n\n\n\n<hr class=\"wp-block-separator has-alpha-channel-opacity\"\/>\n\n\n\n<figure class=\"wp-block-image\"><img decoding=\"async\" src=\"https:\/\/halvarsson.no-ip.com\/wordpressssf\/wp-content\/uploads\/2024\/04\/lagg_till_klubb.png\" alt=\"\"\/><\/figure>\n\n\n\n<h3 class=\"wp-block-heading\"><small>Beskrivning:<\/small><\/h3>\n\n\n\n<p>\u00d6verst framg\u00e5r att du nu ska l\u00e4gga till en klubb och till vilket distrikt den klubben kommer att tillh\u00f6r. Sedan kommer strukturraden som indikerar att du nu \u00e4r vid aktuellt distrikt under Sveriges Schackf\u00f6rbund. Klickar du p\u00e5 denna n\u00e5gon av l\u00e4nkarna kommer till vyn se uppgifter om F\u00f6rbund eller distrikt.<br>D\u00e4refter kommer en tabell med den nya klubbens uppgifter d\u00e4r du kan \u00e4ndra uppgifterna. Observera att postnummer f\u00e4ltet endast f\u00e5r inneh\u00e5lla siffror och att alla datum ska skrivas p\u00e5 formen \u00c5\u00c5\u00c5\u00c5-MM-DD, ex: 2009-01-01. Uppgifterna som fylls i h\u00e4r anv\u00e4nds i m\u00e5nga sammanhang. Bland annat f\u00f6r att ge nya schackspelare m\u00f6jlighet att hitta sin n\u00e4rmaste klubb och hur de ska ta kontakt med den. Om klubben saknar klubblokal, l\u00e4mna de uppgifterna tomma och utn\u00e4mn en person som &#8220;kontaktperson&#8221; till klubben genom att g\u00e5 in p\u00e5 den medlem som ska agera kontaktperson och klicka p\u00e5 roller och l\u00e4gga till kontaktperson till klubben.<\/p>\n\n\n\n<p>Ett verksamhets\u00e5r ska b\u00f6rja ett datum ena \u00e5ret och sluta ett \u00e5r fram\u00e5t i tiden, ex. 2009-01-01 &#8211; 2009-12-31 eller vid brutet verksamhets\u00e5r ex: 2008-08-01 &#8211; 2009-07-30.<br>Aktiv, mottagit klasslista, specialtyp och skapa mha och klubbtyp \u00e4r endast tillg\u00e4nglig f\u00f6r riksadminsitrat\u00f6ren.<\/p>\n\n\n\n<p>N\u00e4r du \u00e4r klar med \u00e4ndringarna, klicka p\u00e5 spara.<\/p>\n\n\n\n<p>F\u00e5r du nu varningsf\u00f6nster med exempelvis texten: &#8220;<em>Verksamhets\u00e5r startdatum m\u00e5ste s\u00e4ttas och inneh\u00e5lla ett datum p\u00e5 formatet: \u00c5\u00c5\u00c5\u00c5-MM-DD, ex: 2008-01-01<\/em>&#8221; s\u00e5 har du matat in datum p\u00e5 fel form. Ingen information har skickats till medlemsregistret utan du m\u00e5ste korrigera dina uppgifter och klicka p\u00e5 spara igen.<\/p>\n\n\n\n<p>Om allt g\u00e5r v\u00e4l b\u00f6r du f\u00e5 upp f\u00f6ljande:<\/p>\n\n\n\n<hr class=\"wp-block-separator has-alpha-channel-opacity\"\/>\n\n\n\n<p>Klubb Testklubben skapat. Klicka h\u00e4r f\u00f6r att g\u00e5 vidare.<\/p>\n\n\n\n<hr class=\"wp-block-separator has-alpha-channel-opacity\"\/>\n\n\n\n<p>N\u00e4r du klickat p\u00e5 &#8220;h\u00e4r&#8221; kommer du till till vyn Se klubb med den nya klubben som du skapat vald.<\/p>\n\n\n\n<p><strong><\/strong><a><\/a><br><strong><em>Vyn Se klubb<\/em><\/strong><br><strong>Exempelbild:<\/strong><\/p>\n\n\n\n<hr class=\"wp-block-separator has-alpha-channel-opacity\"\/>\n\n\n\n<figure class=\"wp-block-image\"><img decoding=\"async\" src=\"https:\/\/halvarsson.no-ip.com\/wordpressssf\/wp-content\/uploads\/2024\/04\/se_klubb.png\" alt=\"\"\/><\/figure>\n\n\n\n<hr class=\"wp-block-separator has-alpha-channel-opacity\"\/>\n\n\n\n<h3 class=\"wp-block-heading\"><small>Beskrivning:<\/small><\/h3>\n\n\n\n<p>\u00d6verst st\u00e5r namnet p\u00e5 den aktuella klubben. Sedan kommer strukturraden som indikerar att du nu \u00e4r vid Sveriges Schackf\u00f6rbund och sedan det aktuella distriktet och sen klubben. Klickar du p\u00e5 denna n\u00e5gon av l\u00e4nkarna kommer till vyn se uppgifter om F\u00f6rbund, distrikt eller klubb.<br>D\u00e4refter kommer en tabell med klubbens uppgifter s\u00e5som adress till klubblokalen, telefonnummer, epostadress och verksamhets\u00e5r. Om man har r\u00e4ttigheter s\u00e5 kan man \u00e4ndra dessa uppgifter, det \u00e4r dock endast klubb\/distrikts och riksadministrat\u00f6rer som kan g\u00f6ra detta.<\/p>\n\n\n\n<p>Administrat\u00f6rer kan \u00e4ven l\u00e4gga till nya medlemmar till klubben h\u00e4r. Dessa&nbsp;val finns om man har r\u00e4ttigheterna till det som menyalternativ h\u00f6gst upp.<br>Under denna tabell finns knappar f\u00f6r att v\u00e4lja vilken typ av listning av medlemmar man vill se.<br>F\u00f6rst en knapp f\u00f6r att lista de medlemmar som finns registrerade f\u00f6r aktuellt verksamhets\u00e5r, allts\u00e5 det verksamhets\u00e5r som dags datum ing\u00e5r i. Sedan en knapp f\u00f6r f\u00f6reg\u00e5ende verksamhets\u00e5r. Sedan en knapp f\u00f6r att se den rankinglistor och en f\u00f6r att spelarregisteringslistor f\u00f6r spel i allsvenskan. Det finns \u00e4ven en knapp f\u00f6r att visa vilka bidrag klubben f\u00e5tt fr\u00e5n Sveriges Schackf\u00f6rbund bak\u00e5t i tiden.<br>Sedan kommer en knapp som visar de medlemmar som varit medlemmar som tidigare varit medlemmar i klubben samt en lista med nuvarande f\u00f6rtroendevalda. Klickar man p\u00e5 n\u00e5gon av knapparna s\u00e5 visas respektive lista.<br>Klickar man sedan p\u00e5 en medlem i n\u00e5gon av dessa listor kommer man till vyn Se medlem.<\/p>\n\n\n\n<p>F\u00f6r listan \u00f6ver medlemmar kan man notera att om en medlem \u00e4r huvudmedlem i en annan klubb s\u00e5 \u00e4r det en asterisk (*) framf\u00f6r medlemmens namn. Det betyder att en annan klubb hanterar medlemmens kontaktuppgifter och ranking. Det \u00e4r \u00e4ven denna klubb som kan spelarregistrera medlemmen f\u00f6r spel i turneringar Vill man f\u00f6r\u00e4ndra detta ska man genomf\u00f6ra ett huvudklubbsbyte, vilket inneb\u00e4r att man fyller i en blankett och skickar in till Sveriges Schackf\u00f6rbund f\u00f6r godk\u00e4nnande. F\u00f6r mer detaljer kring medlemshantering, g\u00e5 till hj\u00e4lpen f\u00f6r denna.<\/p>\n\n\n\n<p>Riksadministrat\u00f6rer kan \u00e4ven importera medlemslistor fr\u00e5n Excel till klubben. F\u00f6r att f\u00e5 hj\u00e4lp med det, kontakta kansliet@schack.se<\/p>\n\n\n\n<p><strong><\/strong><a><\/a><br><strong><em>Vyn \u00c4ndra klubb<\/em><\/strong><br><strong>Exempelbild:<\/strong><\/p>\n\n\n\n<hr class=\"wp-block-separator has-alpha-channel-opacity\"\/>\n\n\n\n<h3 class=\"wp-block-heading\"><small>Beskrivning:<\/small><\/h3>\n\n\n\n<p>\u00d6verst framg\u00e5r att du nu \u00e4ndrar en klubb&nbsp;. Sedan kommer strukturraden som indikerar att du nu \u00e4r vid aktuellt distrikt under Sveriges Schackf\u00f6rbund. Klickar du p\u00e5 denna n\u00e5gon av l\u00e4nkarna kommer till vyn se uppgifter om F\u00f6rbund eller distrikt.<br>D\u00e4refter kommer en tabell med den klubbens uppgifter d\u00e4r du kan \u00e4ndra uppgifterna. Observera att postnummer f\u00e4ltet endast f\u00e5r inneh\u00e5lla siffror och att alla datum ska skrivas p\u00e5 formen \u00c5\u00c5\u00c5\u00c5-MM-DD, ex: 2009-01-01.&nbsp; Uppgifterna som fylls i h\u00e4r anv\u00e4nds i m\u00e5nga sammanhang. Bland annat f\u00f6r att ge nya schackspelare m\u00f6jlighet att hitta sin n\u00e4rmaste klubb och hur de ska ta kontakt med den. Om klubben saknar klubblokal, l\u00e4mna de uppgifterna tomma och utn\u00e4mn en person som &#8220;kontaktperson&#8221; till klubben genom att g\u00e5 in p\u00e5 den medlem som ska agera kontaktperson och klicka p\u00e5 roller och l\u00e4gga till kontaktperson till klubben.<\/p>\n\n\n\n<p>Ett verksamhets\u00e5r ska b\u00f6rja ett datum ena \u00e5ret och sluta ett \u00e5r fram\u00e5t i tiden, ex. 2009-01-01 &#8211; 2009-12-31 eller vid brutet verksamhets\u00e5r ex: 2008-08-01 &#8211; 2009-07-30.<br>Verksamhetsbeskrivningen \u00e4r en uppgift som beh\u00f6vs f\u00f6r bidragsans\u00f6kningar av Sveriges Schackf\u00f6rbund. En kort beskrivning av vad verksamheten omfattar.<\/p>\n\n\n\n<p>Aktiv, mottagit klasslista, specialtyp och skapa mha och klubbtyp \u00e4r endast tillg\u00e4nglig f\u00f6r riksadminsitrat\u00f6ren.<\/p>\n\n\n\n<p>Aktiv\/Inaktiv styr om klubben ska ses som aktiv. Dvs om den \u00e4r med i olika listningar, kandidat f\u00f6r att f\u00e5 bidrag, med i epostutskick, visas p\u00e5 publika sidor etc.<br>Mottagit klasslista \u00e4r en kansliintern funktion f\u00f6r att dels administera om man f\u00e5tt klasslistor f\u00f6r skolschackklubbar, men det p\u00e5verkar \u00e4ven utskicket f\u00f6r epostlistorna per distrikt &#8220;f\u00f6r medlemslappsutskick&#8221;.<br>Specialtyp anger att klubben \u00e4r av en specialtyp som inte ska hanteras som en normal klubb i m\u00e5nga sammanhang. Exempel \u00e4r tempor\u00e4r klubb, land etc.<br>Klubbtyp anger om det \u00e4r en normal klubb eller en ekonomil\u00f6s klubb. F\u00f6r mer information kontakta kansliet@schack.se<\/p>\n\n\n\n<p>N\u00e4r du \u00e4r klar med \u00e4ndringarna, klicka p\u00e5 spara.<br>F\u00e5r du nu varningsf\u00f6nster med exempelvis texten: &#8220;<em>Verksamhets\u00e5r startdatum m\u00e5ste s\u00e4ttas och inneh\u00e5lla ett datum p\u00e5 formatet: \u00c5\u00c5\u00c5\u00c5-MM-DD, ex: 2008-01-01<\/em>&#8221; s\u00e5 har du matat in datum p\u00e5 fel form. Ingen information har skickats till medlemsregistret utan du m\u00e5ste korrigera dina uppgifter och klicka p\u00e5 spara igen.<\/p>\n\n\n\n<p>Om allt g\u00e5r v\u00e4l b\u00f6r du f\u00e5 upp f\u00f6ljande:<\/p>\n\n\n\n<hr class=\"wp-block-separator has-alpha-channel-opacity\"\/>\n\n\n\n<p>Klubb Testklubben uppdaterad. Klicka h\u00e4r f\u00f6r att g\u00e5 vidare.<\/p>\n\n\n\n<hr class=\"wp-block-separator has-alpha-channel-opacity\"\/>\n\n\n\n<p>N\u00e4r du klickat p\u00e5 &#8220;h\u00e4r&#8221; kommer du till till vyn Se klubb med den klubben som du uppdaterat vald.<\/p>\n","protected":false},"excerpt":{"rendered":"<p>Vyn Se Riksf\u00f6rbundExempelbild: Beskrivning: \u00d6verst st\u00e5r namnet p\u00e5 det aktuella riksf\u00f6rbundet, \u00e4n s\u00e5 l\u00e4nge finns bara ett riksf\u00f6rbund, n\u00e4mligen Sveriges Schackf\u00f6rbund. Sedan kommer strukturraden som indikerar att du nu \u00e4r vid Sveriges Schackf\u00f6rbund. Klickar du p\u00e5 denna l\u00e4nk kommer du tillbaka till samma sida.D\u00e4refter kommer en tabell med Sveriges Schackf\u00f6rbunds uppgifter s\u00e5som adress, telefonnummer, epostadress och verksamhets\u00e5r. Riksadministrat\u00f6ren kan \u00e4ven l\u00e4gga till distrikt till riksf\u00f6rbundet h\u00e4r. Det finns \u00e4ven exportfunktion f\u00f6r att exportera f\u00f6rbundets alla medlemmar till Excel.F\u00f6r att hantera adresslistor som \u00e4r sorterade f\u00f6r PostNord g\u00e4llande TfS finns Hantera TfS-knappen. \u00c4ven hanteringen f\u00f6r medlemsregistrering finns som en funktion samt&#46;&#46;&#46;<\/p>\n","protected":false},"author":1,"featured_media":0,"parent":0,"menu_order":0,"comment_status":"closed","ping_status":"closed","template":"","meta":{"footnotes":""},"class_list":["post-56","page","type-page","status-publish","hentry"],"_links":{"self":[{"href":"https:\/\/halvarsson.no-ip.com\/wordpressssf\/wp-json\/wp\/v2\/pages\/56","targetHints":{"allow":["GET"]}}],"collection":[{"href":"https:\/\/halvarsson.no-ip.com\/wordpressssf\/wp-json\/wp\/v2\/pages"}],"about":[{"href":"https:\/\/halvarsson.no-ip.com\/wordpressssf\/wp-json\/wp\/v2\/types\/page"}],"author":[{"embeddable":true,"href":"https:\/\/halvarsson.no-ip.com\/wordpressssf\/wp-json\/wp\/v2\/users\/1"}],"replies":[{"embeddable":true,"href":"https:\/\/halvarsson.no-ip.com\/wordpressssf\/wp-json\/wp\/v2\/comments?post=56"}],"version-history":[{"count":4,"href":"https:\/\/halvarsson.no-ip.com\/wordpressssf\/wp-json\/wp\/v2\/pages\/56\/revisions"}],"predecessor-version":[{"id":267,"href":"https:\/\/halvarsson.no-ip.com\/wordpressssf\/wp-json\/wp\/v2\/pages\/56\/revisions\/267"}],"wp:attachment":[{"href":"https:\/\/halvarsson.no-ip.com\/wordpressssf\/wp-json\/wp\/v2\/media?parent=56"}],"curies":[{"name":"wp","href":"https:\/\/api.w.org\/{rel}","templated":true}]}}