{"id":60,"date":"2022-10-22T12:56:05","date_gmt":"2022-10-22T12:56:05","guid":{"rendered":"https:\/\/halvarsson.no-ip.com\/wordpressssf\/?page_id=60"},"modified":"2024-04-21T09:51:17","modified_gmt":"2024-04-21T09:51:17","slug":"spelarregistrering-och-ranking","status":"publish","type":"page","link":"https:\/\/halvarsson.no-ip.com\/wordpressssf\/spelarregistrering-och-ranking\/","title":{"rendered":"Spelarregistrering och ranking"},"content":{"rendered":"\n<p><strong><em>Ranking<\/em><\/strong><br><small><br><\/small><a><\/a>Vad beh\u00f6vs f\u00f6r att kunna&nbsp;rankingf\u00f6ra en spelare?<br>Numera hanteras ranking av det internationella schackf\u00f6rbundet: FIDE och kallas ELO. Det finns l\u00e5ngparti-ELO (oftast bara kallad ELO), snabbschack-ELO och blixt-ELO. Dessa importerar automatiskt fr\u00e5n FIDE varje natt till systemet givet att medlemmen har ett FIDE-id sparat. Sveriges Schackf\u00f6rbunds rankingansvarige l\u00e4gger in FIDE-id f\u00f6r nya spelare.<\/p>\n\n\n\n<p>F\u00f6r att kunna b\u00f6rja spela turneringar i medlemssystemet eller i en utl\u00e4ndsk turnering m\u00e5ste spelaren t\u00e4vlingsregistreras. F\u00f6r det kr\u00e4vs att medlemmen \u00e4r aktiv medlem och att en klubbadministrat\u00f6r g\u00e5r till medlemmen i medlemssystemet och klickar p\u00e5 knappen t\u00e4vlings- och rankingregistrera:<\/p>\n\n\n\n<p><img decoding=\"async\" src=\"blob:https:\/\/halvarsson.no-ip.com\/cb30ea0e-c35c-4c75-bab0-a404772426c8\" alt=\"\"><\/p>\n\n\n\n<p>Klubbar kan, om man vill f\u00f6ra den gamla LASK-rankingen. Den kommer bara att kunna anv\u00e4ndas internt i klubben:<\/p>\n\n\n\n<p><strong><\/strong><strong><em>Vyn se rankinglista<\/em><\/strong><\/p>\n\n\n\n<p><strong>Exempelbild:<\/strong><\/p>\n\n\n\n<hr class=\"wp-block-separator has-alpha-channel-opacity\"\/>\n\n\n\n<figure class=\"wp-block-image\"><img decoding=\"async\" src=\"https:\/\/halvarsson.no-ip.com\/wordpressssf\/wp-content\/uploads\/2024\/04\/ranking.png\" alt=\"\"\/><\/figure>\n\n\n\n<hr class=\"wp-block-separator has-alpha-channel-opacity\"\/>\n\n\n\n<p>\u00d6verst visas knappen visa rankinglista och till h\u00f6ger f\u00f6r vilken rankingperiod som rankinglista ska visas. F\u00f6r att byta rankingperiod, v\u00e4lj ett annat datum och klicka p\u00e5 Visa Rankinglista. I listan visas vilket ordningsnummer en spelare \u00e4r rankad som, FIDE-titel, f\u00f6rnamn efternamn, lask och elo-tal. LASK \u00e4r f\u00f6r den som inte k\u00e4nner till det namnet p\u00e5 det svenska rankingtalet.<br><a><\/a>FIDE-titel och elo-tal h\u00e4mtas automatiskt av systemet ifr\u00e5n FIDE givet att medlemmen har ett korrekt FIDE-id inlagt bland sina medlemsuppgifter. Systemet f\u00f6rs\u00f6ker automatiskt l\u00e4gga in FIDE-id f\u00f6r spelare, men ibland kan det missas. ELO-talet som st\u00e5r \u00e4r det av FIDE senast publicerade talet inom rankingperioden.&nbsp; Denna lista finns \u00e4ven publicerad p\u00e5 Sveriges Schackf\u00f6rbunds hemsida samt att en lista finns f\u00f6r alla f\u00f6rbundets spelare sorterad p\u00e5 LASK.<br>L\u00e4ngst ner finns en knapp \u00e4ndra ranking. Trycker man p\u00e5 denna knapp ges man m\u00f6jlighet att \u00e4ndra ranking f\u00f6r den rankingperiod man har valt. Observera att LASK bara kan \u00e4ndras f\u00f6r 1 januari, 1 maj och 1 september.<\/p>\n\n\n\n<h3 class=\"wp-block-heading\"><\/h3>\n\n\n\n<p><strong><em>Vyn&nbsp;&nbsp;<a><\/a>\u00c4ndra rankinglista<\/em><\/strong><strong><br>Exempelbild:<\/strong><\/p>\n\n\n\n<figure class=\"wp-block-image size-full\"><img loading=\"lazy\" decoding=\"async\" width=\"932\" height=\"511\" src=\"https:\/\/halvarsson.no-ip.com\/wordpressssf\/wp-content\/uploads\/2022\/10\/image-1.png\" alt=\"\" class=\"wp-image-61\" srcset=\"https:\/\/halvarsson.no-ip.com\/wordpressssf\/wp-content\/uploads\/2022\/10\/image-1.png 932w, https:\/\/halvarsson.no-ip.com\/wordpressssf\/wp-content\/uploads\/2022\/10\/image-1-300x164.png 300w, https:\/\/halvarsson.no-ip.com\/wordpressssf\/wp-content\/uploads\/2022\/10\/image-1-768x421.png 768w\" sizes=\"auto, (max-width: 932px) 100vw, 932px\" \/><\/figure>\n\n\n\n<hr class=\"wp-block-separator has-alpha-channel-opacity\"\/>\n\n\n\n<hr class=\"wp-block-separator has-alpha-channel-opacity\"\/>\n\n\n\n<p>H\u00e4r kommer listan med spelare som \u00e4r medlemmar det akutella rankingdatumet och som \u00e4r inlagda att rankingf\u00f6ras i systemet.<br>Listorna kan sortas om genom att klicka p\u00e5 rubrikerna. F\u00f6r att \u00e4ndra rankingtal, fyll i nytt ranknigtal och klicka till sist p\u00e5 spara.<\/p>\n\n\n\n<p>Om allt sparats kommer f\u00f6ljande meddelande upp:<br>52 medlemmars ranking uppdaterad i klubben: Link\u00f6pings ASS f\u00f6r datumet: 2009-05-01. Klicka&nbsp;<a href=\"http:\/\/lass.no-ip.com\/webapp\/ViewClubServlet?clubid=38344\">h\u00e4r<\/a>&nbsp;f\u00f6r att g\u00e5 vidare.<\/p>\n\n\n\n<hr class=\"wp-block-separator has-alpha-channel-opacity\"\/>\n\n\n\n<p><strong><em>Spelarregistrering<\/em><\/strong><\/p>\n\n\n\n<p><a><\/a>Vad beh\u00f6vs f\u00f6r att kunna spelarregistrera&nbsp;en spelare?<\/p>\n\n\n\n<p>Spelarregistrering \u00e4r en term f\u00f6r att beskriva att en spelare \u00e4r anm\u00e4ld att representera en klubb i en lagturnering. En spelare kan bara representera en klubb i en lagturnering. Det \u00e4r typiskt den huvudklubb som spelaren nu spelar f\u00f6r. Spelarregistreringar g\u00e4ller allts\u00e5 per turnering, s\u00e5 \u00e4ven lagledare.<\/p>\n\n\n\n<p>Medlemssystemet g\u00f6r automatiskt en spelarregistrering f\u00f6r huvudklubben n\u00e4r:<\/p>\n\n\n\n<ul class=\"wp-block-list\"><li>Det finns ett medlemskap f\u00f6r en t\u00e4vlingsregistrerad spelare, i en klubb&nbsp;vars verksamhets\u00e5r omfattar en turnering d\u00e4r klubben \u00e4r deltagare.<\/li><\/ul>\n\n\n\n<p>Detta oavsett om medlemskapet eller turneringen skapas f\u00f6rst. F\u00f6r att ta bort en spelarregistrering i huvudklubb, kontakta kansliet.&nbsp;Om en klubb inte \u00e4r med i en turnering kan en spelare representera en annan klubb.<\/p>\n\n\n\n<p>F\u00f6r att en annan klubb ska kunna spelarregistrera en spelare i en turnering m\u00e5ste f\u00f6ljande vara uppfyllt:<\/p>\n\n\n\n<ul class=\"wp-block-list\"><li>Spelaren m\u00e5ste vara medlem i klubben.<\/li><li>Spelaren m\u00e5ste t\u00e4vlingsregistrerad.<\/li><\/ul>\n\n\n\n<p>En spelare blir tillg\u00e4nglig f\u00f6r spel en vecka efter att registreringen gjorts.<\/p>\n\n\n\n<p><strong><em>Vyn&nbsp; Se spelarregistrering<\/em><\/strong><strong><br>Exempelbild:<\/strong><\/p>\n\n\n\n<hr class=\"wp-block-separator has-alpha-channel-opacity\"\/>\n\n\n\n<figure class=\"wp-block-image\"><img decoding=\"async\" src=\"https:\/\/halvarsson.no-ip.com\/wordpressssf\/wp-content\/uploads\/2024\/04\/spelarreg1.png\" alt=\"\"\/><\/figure>\n\n\n\n<hr class=\"wp-block-separator has-alpha-channel-opacity\"\/>\n\n\n\n<p>H\u00e4r visas vilka spelare som \u00e4r spelarregistrerade hittils f\u00f6r klubben och i vilken turnering. H\u00e4r \u00d6stg\u00f6taserien 2018\/19.<\/p>\n\n\n\n<h3 class=\"wp-block-heading\"><\/h3>\n\n\n\n<p><strong><em>Vyn&nbsp;&nbsp;<a><\/a>\u00c4ndra spelarregistrering<\/em><\/strong><strong><br>Exempelbild:<\/strong><\/p>\n\n\n\n<hr class=\"wp-block-separator has-alpha-channel-opacity\"\/>\n\n\n\n<figure class=\"wp-block-image\"><img decoding=\"async\" src=\"https:\/\/halvarsson.no-ip.com\/wordpressssf\/wp-content\/uploads\/2024\/04\/spelarreg2.png\" alt=\"\"\/><\/figure>\n\n\n\n<p>Vill man \u00e4ndra spelareregistreringen trycker man p\u00e5 \u00e4ndra spelareregistrering. D\u00e5 listas f\u00f6rst alla huvudmedlemmar och sedan de sekund\u00e4ra.<br>H\u00e4r kan klubbadministrat\u00f6rer l\u00e4gga till spelarregistreringar f\u00f6r sina sekund\u00e4ra spelare. Skulle n\u00e5got vara fel med spelarregistreringarna, kontakta kansliet som i denna vy kan \u00e4ndra b\u00e5de huvud- och sekund\u00e4rrregistreringar.<\/p>\n\n\n\n<p>Spelaren blir tillg\u00e4nglig f\u00f6r spel en vecka efter registreringen \u00e4r gjord.<\/p>\n","protected":false},"excerpt":{"rendered":"<p>RankingVad beh\u00f6vs f\u00f6r att kunna&nbsp;rankingf\u00f6ra en spelare?Numera hanteras ranking av det internationella schackf\u00f6rbundet: FIDE och kallas ELO. Det finns l\u00e5ngparti-ELO (oftast bara kallad ELO), snabbschack-ELO och blixt-ELO. Dessa importerar automatiskt fr\u00e5n FIDE varje natt till systemet givet att medlemmen har ett FIDE-id sparat. Sveriges Schackf\u00f6rbunds rankingansvarige l\u00e4gger in FIDE-id f\u00f6r nya spelare. F\u00f6r att kunna b\u00f6rja spela turneringar i medlemssystemet eller i en utl\u00e4ndsk turnering m\u00e5ste spelaren t\u00e4vlingsregistreras. F\u00f6r det kr\u00e4vs att medlemmen \u00e4r aktiv medlem och att en klubbadministrat\u00f6r g\u00e5r till medlemmen i medlemssystemet och klickar p\u00e5 knappen t\u00e4vlings- och rankingregistrera: Klubbar kan, om man vill f\u00f6ra den gamla&#46;&#46;&#46;<\/p>\n","protected":false},"author":1,"featured_media":0,"parent":0,"menu_order":0,"comment_status":"closed","ping_status":"closed","template":"","meta":{"footnotes":""},"class_list":["post-60","page","type-page","status-publish","hentry"],"_links":{"self":[{"href":"https:\/\/halvarsson.no-ip.com\/wordpressssf\/wp-json\/wp\/v2\/pages\/60","targetHints":{"allow":["GET"]}}],"collection":[{"href":"https:\/\/halvarsson.no-ip.com\/wordpressssf\/wp-json\/wp\/v2\/pages"}],"about":[{"href":"https:\/\/halvarsson.no-ip.com\/wordpressssf\/wp-json\/wp\/v2\/types\/page"}],"author":[{"embeddable":true,"href":"https:\/\/halvarsson.no-ip.com\/wordpressssf\/wp-json\/wp\/v2\/users\/1"}],"replies":[{"embeddable":true,"href":"https:\/\/halvarsson.no-ip.com\/wordpressssf\/wp-json\/wp\/v2\/comments?post=60"}],"version-history":[{"count":2,"href":"https:\/\/halvarsson.no-ip.com\/wordpressssf\/wp-json\/wp\/v2\/pages\/60\/revisions"}],"predecessor-version":[{"id":264,"href":"https:\/\/halvarsson.no-ip.com\/wordpressssf\/wp-json\/wp\/v2\/pages\/60\/revisions\/264"}],"wp:attachment":[{"href":"https:\/\/halvarsson.no-ip.com\/wordpressssf\/wp-json\/wp\/v2\/media?parent=60"}],"curies":[{"name":"wp","href":"https:\/\/api.w.org\/{rel}","templated":true}]}}