{"id":63,"date":"2022-10-22T12:56:49","date_gmt":"2022-10-22T12:56:49","guid":{"rendered":"https:\/\/halvarsson.no-ip.com\/wordpressssf\/?page_id=63"},"modified":"2024-04-21T09:45:55","modified_gmt":"2024-04-21T09:45:55","slug":"turneringar","status":"publish","type":"page","link":"https:\/\/halvarsson.no-ip.com\/wordpressssf\/turneringar\/","title":{"rendered":"Individuella turneringar"},"content":{"rendered":"\n<p>Medlemssystemet st\u00f6djer att lotta individuella turneringar med Berger, Monrad, Nordisk Schweizer och FIDE-schweizer lottningssystem..<br>Du f\u00e5r hj\u00e4lp med allt fr\u00e5n webanm\u00e4lan till publicering p\u00e5 webben. Mycket sker helt automatiskt, som tex publicering p\u00e5 webben. Varje resultat som sparas syns direkt p\u00e5 webben.<\/p>\n\n\n\n<p>Du skapar din turnering genom att g\u00e5 till turneringar och klicka p\u00e5 skapa turnering.<br><img decoding=\"async\" src=\"https:\/\/halvarsson.no-ip.com\/wordpressssf\/wp-content\/uploads\/2024\/04\/skapa_turnering1.png\" alt=\"\"><br>S\u00e4tt ett namn f\u00f6r turneringen, vilken typ det ska vara. Det vanliga \u00e4r Individuell eller Lagturnering. Fyll i start och slutdatum, antal grupper (oftast 1), antal ronder.<br>Om du vill anv\u00e4nda dig av webanm\u00e4lan s\u00e5 s\u00e4tt h\u00e4r startavgiften. V\u00e4lj lottningsystem. \u00c4gare \u00e4r oftast din lokala schackklubb.<\/p>\n\n\n\n<p>Klicka p\u00e5 n\u00e4sta och du f\u00e5r v\u00e4lja om turneringen ska anv\u00e4nda webanm\u00e4lan. Med den kan spelarna anm\u00e4la sig sj\u00e4lv till turneringen och du beh\u00f6ver inte g\u00f6ra n\u00e5gonting, de kommer att finnas f\u00e4rdiga n\u00e4r du ska lotta!<\/p>\n\n\n\n<p>Sedan kommer tre fr\u00e5gor som endast \u00e4r aktuellt om man vill kunna spela online p\u00e5 SSFs spelplatform. Vill man det, kontakta kansliet.<\/p>\n\n\n\n<p><img decoding=\"async\" src=\"https:\/\/halvarsson.no-ip.com\/wordpressssf\/wp-content\/uploads\/2024\/04\/skapa_turnering2.png\" alt=\"\"><\/p>\n\n\n\n<p>Klicka p\u00e5 n\u00e4sta och fyll i om utl\u00e4ndska spelare ska till\u00e5tas i turneringen.<br>Om du valt webanm\u00e4lan, fyll sedan i det bekr\u00e4ftelsemeddelande som spelaren ska f\u00e5 n\u00e4r den anm\u00e4ler sig. %payment% kan skrivas i texten f\u00f6r att skriva ut startavgiften. Exempelvis:<br>&#8220;Tack f\u00f6r anm\u00e4lan, betala startavgiften: %payment% till postgironummer 12345-6 innan 1 augusti. Varmt v\u00e4lkommen&#8221;.<\/p>\n\n\n\n<p>Klicka n\u00e4sta och din turnering \u00e4r skapad.<\/p>\n\n\n\n<p><a href=\"http:\/\/lass.no-ip.com\/webapp\/ViewTournamentClassGroupServlet?id=3325\"><\/a><\/p>\n\n\n\n<hr class=\"wp-block-separator has-alpha-channel-opacity\"\/>\n\n\n\n<p>N\u00e4r turneringen \u00e4r skapad s\u00e5 kan man l\u00e4gga till divisioner och grupper i en hierarki. Ett belysande exempel \u00e4r Allsvenskan, som \u00e4r en turnering som vilken annan i medlemssystemet. Vill du ha hj\u00e4lp att skapa denna struktur f\u00f6r din turnering, ta kontakt med kansliet.<\/p>\n\n\n\n<p>En turnering m\u00e5ste ha en toppdivision\/klass. Varje klass kan ha en underklass och flera grupper.<\/p>\n\n\n\n<p><\/p>\n\n\n\n<p>Turneringsinst\u00e4llningar<\/p>\n\n\n\n<p>En lagturnering har ett antal inst\u00e4llningar:<br><img decoding=\"async\" src=\"https:\/\/halvarsson.no-ip.com\/wordpressssf\/wp-content\/uploads\/2024\/04\/edit_turnering.png\" alt=\"\"><\/p>\n\n\n\n<p>F\u00f6rutom de tidigare n\u00e4mnda s\u00e5 finns:<\/p>\n\n\n\n<ul class=\"wp-block-list\"><li>huvuddomare och assisterande domare. Dessa anv\u00e4nds n\u00e4r man genererar turneringsrapport till FIDE. Man fyller i SSF-id p\u00e5 medlemmen som \u00e4r domare.<\/li><li>bet\u00e4nketid. Den anv\u00e4nds n\u00e4r man genererar turneringsrapport till FIDE.<\/li><li>i en lagturnering om laget ska baseras p\u00e5 klubbars rankinglista eller p\u00e5 en f\u00f6r turneringen, unik spelarregistrering. Rankinglista \u00e4r mer flexibelt, men ger inte den kontroll att en spelare bara kan representera ett lag och att klubbar kan registrera spelare i sista minuten. F\u00f6r mer information, se&nbsp;<a href=\"https:\/\/member.schack.se\/resources\/help\/Spelarregistrering_och_ranking.html\">Hj\u00e4lp spelarregistrering och ranking<\/a><ul><li>Numera finns \u00e4ven laglista. D\u00e5 kan man skapa ett lag specifikt f\u00f6r denna turnering och v\u00e4lja fritt bland t\u00e4vlingsregistrerade spelare i alla klubbar som ska ing\u00e5 i laget. Skapa laget och l\u00e4gg till\/ta bort spelare i laget under Visa laguppst\u00e4llningar.<\/li><\/ul><\/li><li>lag\u00e5ldersfilter, om en lagturnering endast ska vara f\u00f6r kadetter tex.<\/li><li>Reg\/rankingdatum anv\u00e4nds f\u00f6r att s\u00e4tta vilket avst\u00e4mningsdatum som ska g\u00e4lla f\u00f6r spelares ranking. F\u00f6r allsvenskan anv\u00e4nds tex 1 september och 1 januari.<\/li><li>L\u00e4nk destination antal anm\u00e4lda anger var man ska hamna n\u00e4r man klickar p\u00e5 r\u00e4knaren f\u00f6r antal anm\u00e4lda.<\/li><li>Stripe connect kan anv\u00e4ndas f\u00f6r att i samband med webanm\u00e4lan direkt ta betalt med kontokort. F\u00f6r att det ska fungera beh\u00f6ver h\u00e4r g\u00f6ras en inst\u00e4llning samt att klubben m\u00e5ste ansluta sig till Stripe. Stripe tar f\u00f6r detta en mindre avgift.<\/li><\/ul>\n\n\n\n<p>En individuell turnering har n\u00e5gra f\u00e4rre inst\u00e4llningar, annars ser det likadant ut.<\/p>\n\n\n\n<hr class=\"wp-block-separator has-alpha-channel-opacity\"\/>\n\n\n\n<p>En grupp inneh\u00e5ller ett antal inst\u00e4llningar. Ganska m\u00e5nga faktiskt f\u00f6r att kunna ge dig m\u00f6jlighet att styra turneringen precis som du vill.<br><img decoding=\"async\" src=\"https:\/\/halvarsson.no-ip.com\/wordpressssf\/wp-content\/uploads\/2024\/04\/edit_ind_turenring.png\" alt=\"\"><\/p>\n\n\n\n<p>Namn, antal ronder, start och slutdatum \u00e4r ganska sj\u00e4lvf\u00f6rklarande.<br>Sorterad styr i vilken ordning som denna grupp ska visas i f\u00f6rh\u00e5llande till andra grupper.<br>Rankingalgoritm styr hur val av rankingtal ska g\u00f6ras. Rankingtalet \u00e4r det som anv\u00e4nds vid lottning och som skrivs ut vid spelarens namn.<br>Po\u00e4ngsystem \u00e4r antingen normalt (1-\u00bd-0) eller schackfyran (3-2-1).<br>Antal uppflyttning\/nerflyttning i fixed antal eller procentandel av antalet ronder, styr hur m\u00e5nga lag som ska guldf\u00e4rgas i toppen, respektive r\u00f6df\u00e4rgas i botten av de publika sidorna.<br>Default guldmarkeras segraren och ingen r\u00f6dmarkeras.<br>Dubbelrondig styr om en bergerturnering ska lottas dubbelrondigt. T\u00e4nk d\u00e5 p\u00e5 att dubblera antalet ronder!<br>Gruppuppdelningsstorlek kan man ange om man efter anm\u00e4lan vill dela upp gruppen i flera grupper. Tex V\u00e4xj\u00f6spelen delar upp alla spelare i grupper och 4 i rankingordning. H\u00e4r kan man f\u00f6r att uppn\u00e5 detta ange 4. D\u00e5 kommer en knapp att dyka upp som ger en m\u00f6jlighet att dela upp gruppen innan man lottar.<br>Rubrikrad resultat anger vilken rubrik sidan ska ha i de publika sidorna. Annars f\u00f6rs\u00f6ker systemet skapa en automatiskt.<\/p>\n\n\n\n<p>I toppmenyn f\u00f6r en grupp (se tidigare bild finns flera alternativ:<\/p>\n\n\n\n<ul class=\"wp-block-list\"><li>Lottning leder en till lottningssidan. Mer om den senare.<\/li><li>FIDE export exporterar de ronder man anger till en FIDE-rapport som senare kan skickas till FIDE. Typiskt g\u00f6r SSF detta \u00e5t er.<\/li><li>Maila deltagare skapar ett tomt mail antingen till deltagarna i en individuell turnering eller till lagledarna i en lagturnering, s\u00e5 du kan n\u00e5 alla p\u00e5 ett enkelt s\u00e4tt.<\/li><li>L\u00e4gg till deltagare ger en m\u00f6jlighet att l\u00e4gga till deltagare till turneringen<\/li><\/ul>\n\n\n\n<p><img decoding=\"async\" src=\"https:\/\/halvarsson.no-ip.com\/wordpressssf\/wp-content\/uploads\/2024\/04\/lagg_till_turn_deltagare.png\" alt=\"\"><\/p>\n\n\n\n<p>Fyll i uppgifterna och klicka p\u00e5 Spara. Om man inte \u00e4ndrar n\u00e5got kan endast medlemmar med aktiva medlemskap anm\u00e4las till turneringen, vill du att icke anslutna ska kunna spela turneringen m\u00e5ste du f\u00f6lja instruktionen nederst.<\/p>\n\n\n\n<p>Hantera ronder p\u00e5 gruppsidan ger dig m\u00f6jlighet att st\u00e4lla in datum och hur de ska rankas:<\/p>\n\n\n\n<figure class=\"wp-block-image\"><img decoding=\"async\" src=\"https:\/\/halvarsson.no-ip.com\/wordpressssf\/wp-content\/uploads\/2024\/04\/edit_ronder.png\" alt=\"\"\/><\/figure>\n\n\n\n<p>Klicka p\u00e5 en rond f\u00f6r att \u00e4ndra dess inst\u00e4llningar:<\/p>\n\n\n\n<p>Varje ronds inst\u00e4llningar f\u00f6r ranking styr hur rankingen r\u00e4knas i varje rond p\u00e5 en spelares presentation av turneringsresultatet.<\/p>\n\n\n\n<p><\/p>\n\n\n\n<p>N\u00e4r man g\u00e5r till en grupp finns ett antal bl\u00e5 st\u00f6rre knappar i mitten som anger vad man ser.<img decoding=\"async\" src=\"https:\/\/halvarsson.no-ip.com\/wordpressssf\/wp-content\/uploads\/2024\/04\/grupp.png\" alt=\"\"><\/p>\n\n\n\n<p>Visa deltagare, visar de deltagare som hittils finns i turneringen. Vill man \u00e4ndra p\u00e5 en deltagare, ta bort den eller byta grupp den spelar i, klicka p\u00e5 deltagare.<img decoding=\"async\" src=\"https:\/\/halvarsson.no-ip.com\/wordpressssf\/wp-content\/uploads\/2024\/04\/edit_deltagare.png\" alt=\"\"><\/p>\n\n\n\n<p>\u00c4ndra de uppgifter som beh\u00f6vs och klicka sedan p\u00e5 spara.<\/p>\n\n\n\n<p>Pricka av deltagare ger dig st\u00f6d om du har en personlig anm\u00e4lan:<img decoding=\"async\" src=\"https:\/\/halvarsson.no-ip.com\/wordpressssf\/wp-content\/uploads\/2024\/04\/pricka_av_turnering.png\" alt=\"\"><\/p>\n\n\n\n<p>Du beh\u00f6ver inte anv\u00e4nda den, d\u00e5 kommer alla anm\u00e4lda spelare att lottas in i t\u00e4vlingen.<\/p>\n\n\n\n<p>Men h\u00e4r kan du enkelt klicka i om spelare har betalt, kommit eller inte kommer alls. N\u00e4r du klickar i kommer bakgrunden att f\u00e4rgas gr\u00f6n om det gick bra att spara, annars r\u00f6d. Det beror oftast p\u00e5 att du varit inaktiv l\u00e4nge och\/eller har tappat uppkopplingen till ditt tr\u00e5dl\u00f6sa n\u00e4tverk. Logga in igen.<\/p>\n\n\n\n<p>Visa rankinggrupper visar de pris\/rankinggrupper du har och ger dig m\u00f6jlighet att \u00e4ndra eller l\u00e4gga till fler:<img decoding=\"async\" src=\"https:\/\/halvarsson.no-ip.com\/wordpressssf\/wp-content\/uploads\/2024\/04\/priskategorier.png\" alt=\"\"><\/p>\n\n\n\n<p>Klicka p\u00e5 en redan existerande rankinggrupp eller l\u00e4gg till:<img decoding=\"async\" src=\"https:\/\/halvarsson.no-ip.com\/wordpressssf\/wp-content\/uploads\/2024\/04\/edit_priskat.png\" alt=\"\"><\/p>\n\n\n\n<p>I pristyp kan du ange ranking, \u00e5lder, k\u00f6n eller veteran.<\/p>\n\n\n\n<p>Visa st\u00e4llning\/Visa bergerst\u00e4llning ger:<img decoding=\"async\" src=\"https:\/\/halvarsson.no-ip.com\/wordpressssf\/wp-content\/uploads\/2024\/04\/visa_berger.png\" alt=\"\"><\/p>\n\n\n\n<p>Klicka p\u00e5 skrivarsymbolen och du kommer till en utskriftsv\u00e4nlig version:<img decoding=\"async\" src=\"https:\/\/halvarsson.no-ip.com\/wordpressssf\/wp-content\/uploads\/2024\/04\/utskrift.png\" alt=\"\"><\/p>\n\n\n\n<p>Visa publik sida leder till den publika sidan som dina deltagare kan anv\u00e4nda och som med f\u00f6rdel l\u00e4ggs in p\u00e5 er hemsida. Det enklaste s\u00e4ttet \u00e4r att l\u00e4gga in den som en s.k iframe eller inb\u00e4ddad sida.<\/p>\n\n\n\n<p><br><a href=\"http:\/\/lass.no-ip.com\/webapp\/ViewTournamentClassGroupServlet?id=3325\"><\/a><\/p>\n\n\n\n<hr class=\"wp-block-separator has-alpha-channel-opacity\"\/>\n\n\n\n<p>Lottning<\/p>\n\n\n\n<p>N\u00e4r alla spelare \u00e4r klara f\u00f6r turneringen \u00e4r det dags att lotta. S\u00e4kerst\u00e4ll att du st\u00e4llt in n\u00e4r ronderna ska spelas och vilken typ de \u00e4r i hantera ronder (se ovan).<br>G\u00e5 till gruppen och klicka p\u00e5 Lotta.<\/p>\n\n\n\n<figure class=\"wp-block-image\"><img decoding=\"async\" src=\"https:\/\/halvarsson.no-ip.com\/wordpressssf\/wp-content\/uploads\/2024\/04\/lotta_rond_1.png\" alt=\"\"\/><\/figure>\n\n\n\n<p>Du f\u00e5r nu en bekr\u00e4ftelse p\u00e5 hur m\u00e5nga som \u00e4r klara att lottas in i turneringen.<br>Det finns n\u00e5gra knappar \u00f6verst f\u00f6r att g\u00f6ra olika saker som p\u00e5verkar lottningen.<\/p>\n\n\n\n<p>Lotta n\u00e4sta rond lottar helt enkelt n\u00e4sta rond. \u00c4r det en berger turnering lottas alla ronder p\u00e5 en g\u00e5ng.<br>Ta bort senaste rondens lottning g\u00f6r precis det.<br>Lotta manuellt skapar n\u00e4sta rond och du f\u00e5r mata in alla spelare som ska m\u00f6ta varandra f\u00f6r hand.<br>Ta bort spelare inf\u00f6r n\u00e4sta rond tar bort en spelare fr\u00e5n lottningen fr\u00e5n n\u00e4sta rond och fram\u00f6ver:<\/p>\n\n\n\n<figure class=\"wp-block-image\"><img decoding=\"async\" src=\"https:\/\/halvarsson.no-ip.com\/wordpressssf\/wp-content\/uploads\/2024\/04\/ta_bort_spelare.png\" alt=\"\"\/><\/figure>\n\n\n\n<p>V\u00e4lja spelare och klicka p\u00e5 Ta bort spelare inf\u00f6r n\u00e4sta rond.<\/p>\n\n\n\n<p>L\u00e4gg till spelare ger dig m\u00f6jlighet att l\u00e4gga till spelare fr.o.m en viss rond:<\/p>\n\n\n\n<figure class=\"wp-block-image\"><img decoding=\"async\" src=\"https:\/\/halvarsson.no-ip.com\/wordpressssf\/wp-content\/uploads\/2024\/04\/lagg_till_spelare_under_turnering.png\" alt=\"\"\/><\/figure>\n\n\n\n<p><br><a href=\"http:\/\/lass.no-ip.com\/webapp\/ViewTournamentClassGroupServlet?id=3325\"><\/a><\/p>\n\n\n\n<hr class=\"wp-block-separator has-alpha-channel-opacity\"\/>\n\n\n\n<p>Se lottning<\/p>\n\n\n\n<p>G\u00e5 till gruppen och v\u00e4lj Visa lottning<\/p>\n\n\n\n<figure class=\"wp-block-image\"><img decoding=\"async\" src=\"https:\/\/halvarsson.no-ip.com\/wordpressssf\/wp-content\/uploads\/2024\/04\/visa_lottning.png\" alt=\"\"\/><\/figure>\n\n\n\n<p>Klickar man p\u00e5 skrivaren vid lotttningen f\u00e5r man en utskriftsv\u00e4nlig version av lottningen:<\/p>\n\n\n\n<figure class=\"wp-block-image\"><img decoding=\"async\" src=\"https:\/\/halvarsson.no-ip.com\/wordpressssf\/wp-content\/uploads\/2024\/04\/skriv_ut_lottning.png\" alt=\"\"\/><\/figure>\n\n\n\n<p>V\u00e4lj skriv ut i din webl\u00e4sare f\u00f6r att skriva ut den.<\/p>\n\n\n\n<p>Klickar man p\u00e5 h\u00e4sten i Visa lottning s\u00e5 f\u00e5r man en pgn-fil motsvarande lottningen som underl\u00e4ttar n\u00e4r man live-s\u00e4nder. I DGT Livechess kan man importera denna och slipper mata in spelarna.<\/p>\n\n\n\n<p><a href=\"http:\/\/lass.no-ip.com\/webapp\/ViewTournamentClassGroupServlet?id=3325\"><\/a><\/p>\n\n\n\n<hr class=\"wp-block-separator has-alpha-channel-opacity\"\/>\n\n\n\n<p>Mata in resultat<\/p>\n\n\n\n<p>F\u00f6r att mata in resultat i en rond, g\u00e5 till gruppen och v\u00e4lj visa lottning. V\u00e4lj rond du vill mata in resultat f\u00f6r och klicka sedan p\u00e5 en match.<\/p>\n\n\n\n<p>I individuella turneringar:<\/p>\n\n\n\n<figure class=\"wp-block-image\"><img decoding=\"async\" src=\"https:\/\/halvarsson.no-ip.com\/wordpressssf\/wp-content\/uploads\/2024\/04\/mata_in_resultat.png\" alt=\"\"\/><\/figure>\n\n\n\n<p>F\u00f6r att fylla i resultat, v\u00e4lj resultat f\u00f6r varje match. Alternativt kan man anv\u00e4nda tangentbordet, vanligt po\u00e4ngsystem (1,r, 0) eller schackfyran (3,2,1).<br>F\u00f6r varje resultat du matar in s\u00e5 r\u00e4knas tabellen i turneringen automatiskt om och publiceras.<\/p>\n\n\n\n<p>I en lagturnering:<\/p>\n\n\n\n<figure class=\"wp-block-image\"><img decoding=\"async\" src=\"https:\/\/halvarsson.no-ip.com\/wordpressssf\/wp-content\/uploads\/2024\/04\/mata_in_lag.png\" alt=\"\"\/><\/figure>\n\n\n\n<p>Mata f\u00f6rst in spelarna, fr\u00e5n hemmalaget bord 1. N\u00e4r man v\u00e4ljer spelaren p\u00e5 bord 1 uppdateras borden nedanf\u00f6r med spelarna som kommer efter p\u00e5 rankinglistan. Detta f\u00f6r att underl\u00e4tta inmatningen. S\u00e5 g\u00e5 uppifr\u00e5n och ner f\u00f6r f\u00f6rst hemmalaget och sedan bortalaget. N\u00e4r du matat in alla spelarna, v\u00e4lj Spara spelare.<br>Nu kan du mata in resultaten precis som i en individuell turnering. Matchpo\u00e4ngen uppdateras automatiskt.<br>Tabellen kommer dock inte att uppdateras f\u00f6rr\u00e4n matchen \u00e4r slutspelad.<\/p>\n\n\n\n<p>F\u00f6r lagturningarna finns det \u00e4ven ett snabbval. N\u00e4r man valt spelarna i alla matcher s\u00e5 kan man i lottningsvyn:<\/p>\n\n\n\n<figure class=\"wp-block-image\"><img decoding=\"async\" src=\"https:\/\/halvarsson.no-ip.com\/wordpressssf\/wp-content\/uploads\/2024\/04\/mata_in_manga_resultat_i_lag.png\" alt=\"\"\/><\/figure>\n\n\n\n<p>Klicka p\u00e5 #-symbolen efter h\u00e4sten.<\/p>\n\n\n\n<p>D\u00e5 f\u00e5r man alla matcher i ronden och kan mata in resultat i alla matcher p\u00e5 en g\u00e5ng. V\u00e4ldigt anv\u00e4ndbart vid sammandrag eller lagt\u00e4vlingar d\u00e4r alla spelar p\u00e5 en g\u00e5ng.<\/p>\n\n\n\n<figure class=\"wp-block-image\"><img decoding=\"async\" src=\"https:\/\/halvarsson.no-ip.com\/wordpressssf\/wp-content\/uploads\/2024\/04\/mata_in_flra.png\" alt=\"\"\/><\/figure>\n","protected":false},"excerpt":{"rendered":"<p>Medlemssystemet st\u00f6djer att lotta individuella turneringar med Berger, Monrad, Nordisk Schweizer och FIDE-schweizer lottningssystem..Du f\u00e5r hj\u00e4lp med allt fr\u00e5n webanm\u00e4lan till publicering p\u00e5 webben. Mycket sker helt automatiskt, som tex publicering p\u00e5 webben. Varje resultat som sparas syns direkt p\u00e5 webben. Du skapar din turnering genom att g\u00e5 till turneringar och klicka p\u00e5 skapa turnering.S\u00e4tt ett namn f\u00f6r turneringen, vilken typ det ska vara. Det vanliga \u00e4r Individuell eller Lagturnering. Fyll i start och slutdatum, antal grupper (oftast 1), antal ronder.Om du vill anv\u00e4nda dig av webanm\u00e4lan s\u00e5 s\u00e4tt h\u00e4r startavgiften. V\u00e4lj lottningsystem. \u00c4gare \u00e4r oftast din lokala schackklubb. Klicka&#46;&#46;&#46;<\/p>\n","protected":false},"author":1,"featured_media":0,"parent":0,"menu_order":0,"comment_status":"closed","ping_status":"closed","template":"","meta":{"footnotes":""},"class_list":["post-63","page","type-page","status-publish","hentry"],"_links":{"self":[{"href":"https:\/\/halvarsson.no-ip.com\/wordpressssf\/wp-json\/wp\/v2\/pages\/63","targetHints":{"allow":["GET"]}}],"collection":[{"href":"https:\/\/halvarsson.no-ip.com\/wordpressssf\/wp-json\/wp\/v2\/pages"}],"about":[{"href":"https:\/\/halvarsson.no-ip.com\/wordpressssf\/wp-json\/wp\/v2\/types\/page"}],"author":[{"embeddable":true,"href":"https:\/\/halvarsson.no-ip.com\/wordpressssf\/wp-json\/wp\/v2\/users\/1"}],"replies":[{"embeddable":true,"href":"https:\/\/halvarsson.no-ip.com\/wordpressssf\/wp-json\/wp\/v2\/comments?post=63"}],"version-history":[{"count":6,"href":"https:\/\/halvarsson.no-ip.com\/wordpressssf\/wp-json\/wp\/v2\/pages\/63\/revisions"}],"predecessor-version":[{"id":258,"href":"https:\/\/halvarsson.no-ip.com\/wordpressssf\/wp-json\/wp\/v2\/pages\/63\/revisions\/258"}],"wp:attachment":[{"href":"https:\/\/halvarsson.no-ip.com\/wordpressssf\/wp-json\/wp\/v2\/media?parent=63"}],"curies":[{"name":"wp","href":"https:\/\/api.w.org\/{rel}","templated":true}]}}