{"id":65,"date":"2022-10-22T12:57:07","date_gmt":"2022-10-22T12:57:07","guid":{"rendered":"https:\/\/halvarsson.no-ip.com\/wordpressssf\/?page_id=65"},"modified":"2024-04-21T09:46:37","modified_gmt":"2024-04-21T09:46:37","slug":"epostlistor","status":"publish","type":"page","link":"https:\/\/halvarsson.no-ip.com\/wordpressssf\/epostlistor\/","title":{"rendered":"Epostlistor"},"content":{"rendered":"\n<p><strong><em>Epostlistor<\/em><\/strong><\/p>\n\n\n\n<p>Det g\u00e5r att g\u00f6ra utskick till flera olika epostlistor fr\u00e5n medlemssystemet.<br>Flera \u00e4r f\u00f6r kansliet, men m\u00e5nga nyttiga finns \u00e4ven f\u00f6r klubbar och distrikt.<\/p>\n\n\n\n<p>Men man kan \u00e4ven lista medlemslistor med adresser till de med en viss roll.<br><a href=\"http:\/\/lass.no-ip.com\/webapp\/ViewTournamentClassGroupServlet?id=3325\"><\/a><\/p>\n\n\n\n<hr class=\"wp-block-separator has-alpha-channel-opacity\"\/>\n\n\n\n<figure class=\"wp-block-image\"><img decoding=\"async\" src=\"https:\/\/halvarsson.no-ip.com\/wordpressssf\/wp-content\/uploads\/2024\/04\/epostlistor1.png\" alt=\"\"\/><\/figure>\n\n\n\n<p>Som klubbadministrat\u00f6r i en klubb kan du v\u00e4lja mellan att lista Klubbadministrat\u00f6rer eller alla medlemmar i klubben.<br>N\u00e4r du v\u00e4ljer en lista f\u00e5r du en tabell med de som motsvarar ditt val, dock endast de som har en epostadress i medlemssystemet.<\/p>\n\n\n\n<p>Du kan om du vill sedan g\u00e5 vidare och v\u00e4lja Skapa epostutskick fr\u00e5n lista.<\/p>\n\n\n\n<p>Du f\u00e5r du ett f\u00f6nster f\u00f6r att skapa epost. Du kan h\u00e4r anv\u00e4nda all m\u00f6jlig formatering p\u00e5 ditt mail, dock inte l\u00e4gga till bilagor.<\/p>\n\n\n\n<figure class=\"wp-block-image\"><img decoding=\"async\" src=\"https:\/\/halvarsson.no-ip.com\/wordpressssf\/wp-content\/uploads\/2024\/04\/epostlistor2.png\" alt=\"\"\/><\/figure>\n\n\n\n<p>N\u00e4r du skapat ditt mail, klicka p\u00e5 V\u00e4lj mottagare. Du kan nu pricka f\u00f6r vilka du vill ska f\u00e5 ditt meddelande. Du kan markera alla eller avmarkera alla genom snabbval.<\/p>\n\n\n\n<p>Klicka sedan p\u00e5 skicka och ditt mail g\u00e5r iv\u00e4g till de du valt. Snabbt och enkelt.<\/p>\n\n\n\n<p><a href=\"http:\/\/lass.no-ip.com\/webapp\/ViewTournamentClassGroupServlet?id=3325\"><\/a><\/p>\n\n\n\n<hr class=\"wp-block-separator has-alpha-channel-opacity\"\/>\n","protected":false},"excerpt":{"rendered":"<p>Epostlistor Det g\u00e5r att g\u00f6ra utskick till flera olika epostlistor fr\u00e5n medlemssystemet.Flera \u00e4r f\u00f6r kansliet, men m\u00e5nga nyttiga finns \u00e4ven f\u00f6r klubbar och distrikt. Men man kan \u00e4ven lista medlemslistor med adresser till de med en viss roll. Som klubbadministrat\u00f6r i en klubb kan du v\u00e4lja mellan att lista Klubbadministrat\u00f6rer eller alla medlemmar i klubben.N\u00e4r du v\u00e4ljer en lista f\u00e5r du en tabell med de som motsvarar ditt val, dock endast de som har en epostadress i medlemssystemet. Du kan om du vill sedan g\u00e5 vidare och v\u00e4lja Skapa epostutskick fr\u00e5n lista. Du f\u00e5r du ett f\u00f6nster f\u00f6r att skapa&#46;&#46;&#46;<\/p>\n","protected":false},"author":1,"featured_media":0,"parent":0,"menu_order":0,"comment_status":"closed","ping_status":"closed","template":"","meta":{"footnotes":""},"class_list":["post-65","page","type-page","status-publish","hentry"],"_links":{"self":[{"href":"https:\/\/halvarsson.no-ip.com\/wordpressssf\/wp-json\/wp\/v2\/pages\/65","targetHints":{"allow":["GET"]}}],"collection":[{"href":"https:\/\/halvarsson.no-ip.com\/wordpressssf\/wp-json\/wp\/v2\/pages"}],"about":[{"href":"https:\/\/halvarsson.no-ip.com\/wordpressssf\/wp-json\/wp\/v2\/types\/page"}],"author":[{"embeddable":true,"href":"https:\/\/halvarsson.no-ip.com\/wordpressssf\/wp-json\/wp\/v2\/users\/1"}],"replies":[{"embeddable":true,"href":"https:\/\/halvarsson.no-ip.com\/wordpressssf\/wp-json\/wp\/v2\/comments?post=65"}],"version-history":[{"count":2,"href":"https:\/\/halvarsson.no-ip.com\/wordpressssf\/wp-json\/wp\/v2\/pages\/65\/revisions"}],"predecessor-version":[{"id":259,"href":"https:\/\/halvarsson.no-ip.com\/wordpressssf\/wp-json\/wp\/v2\/pages\/65\/revisions\/259"}],"wp:attachment":[{"href":"https:\/\/halvarsson.no-ip.com\/wordpressssf\/wp-json\/wp\/v2\/media?parent=65"}],"curies":[{"name":"wp","href":"https:\/\/api.w.org\/{rel}","templated":true}]}}