{"id":67,"date":"2022-10-22T12:57:31","date_gmt":"2022-10-22T12:57:31","guid":{"rendered":"https:\/\/halvarsson.no-ip.com\/wordpressssf\/?page_id=67"},"modified":"2024-04-21T09:51:37","modified_gmt":"2024-04-21T09:51:37","slug":"statistik","status":"publish","type":"page","link":"https:\/\/halvarsson.no-ip.com\/wordpressssf\/statistik\/","title":{"rendered":"Statistik"},"content":{"rendered":"\n<p>Du kan f\u00e5 ut v\u00e4ldigt mycket olika typ av statistik.<br><a href=\"http:\/\/lass.no-ip.com\/webapp\/ViewTournamentClassGroupServlet?id=3325\"><\/a><\/p>\n\n\n\n<hr class=\"wp-block-separator has-alpha-channel-opacity\"\/>\n\n\n\n<figure class=\"wp-block-image\"><img decoding=\"async\" src=\"https:\/\/halvarsson.no-ip.com\/wordpressssf\/wp-content\/uploads\/2024\/04\/statistik.png\" alt=\"\"\/><\/figure>\n\n\n\n<ul class=\"wp-block-list\"><li>Tabell alla medlemmar genererar statistik \u00f6ver antal medlemmar i 0-5, 6-25 och 25+ \u00e5r per klubb, distrikt och totalt. Den ger en \u00f6verblick \u00f6ver medlemmarna i f\u00f6rbundet \u00f6ver de tre senaste verksamhets\u00e5ren.<\/li><li>Alla medlemmar till Excel genererar motsvarande statistik till excel.<\/li><li>Tabell skolschackklubbar genererar motsvarande statistik endast f\u00f6r skolschackklubbar.<\/li><li>Medlemmar f\u00f6reg\u00e5ende verksamhets\u00e5r p\u00e5 karta visar medlemmar p\u00e5 karta. Nogranheten \u00e4r postnummeromr\u00e5de.<\/li><li>Medlemmar nuvarande verksamhets\u00e5r p\u00e5 karta visar medlemmar p\u00e5 karta. Nogranheten \u00e4r postnummeromr\u00e5de.<\/li><li>Klubbar p\u00e5 karta ritar ut alla klubbar p\u00e5 karta givet deras klubblokalsadress.<\/li><li>Visa \u00e5lder\/k\u00f6n visar statistik i pie-diagram \u00f6ver de tre senaste verksamhets\u00e5ren.<\/li><\/ul>\n","protected":false},"excerpt":{"rendered":"<p>Du kan f\u00e5 ut v\u00e4ldigt mycket olika typ av statistik. Tabell alla medlemmar genererar statistik \u00f6ver antal medlemmar i 0-5, 6-25 och 25+ \u00e5r per klubb, distrikt och totalt. Den ger en \u00f6verblick \u00f6ver medlemmarna i f\u00f6rbundet \u00f6ver de tre senaste verksamhets\u00e5ren. Alla medlemmar till Excel genererar motsvarande statistik till excel. Tabell skolschackklubbar genererar motsvarande statistik endast f\u00f6r skolschackklubbar. Medlemmar f\u00f6reg\u00e5ende verksamhets\u00e5r p\u00e5 karta visar medlemmar p\u00e5 karta. Nogranheten \u00e4r postnummeromr\u00e5de. Medlemmar nuvarande verksamhets\u00e5r p\u00e5 karta visar medlemmar p\u00e5 karta. Nogranheten \u00e4r postnummeromr\u00e5de. Klubbar p\u00e5 karta ritar ut alla klubbar p\u00e5 karta givet deras klubblokalsadress. Visa \u00e5lder\/k\u00f6n visar statistik i&#46;&#46;&#46;<\/p>\n","protected":false},"author":1,"featured_media":0,"parent":0,"menu_order":0,"comment_status":"closed","ping_status":"closed","template":"","meta":{"footnotes":""},"class_list":["post-67","page","type-page","status-publish","hentry"],"_links":{"self":[{"href":"https:\/\/halvarsson.no-ip.com\/wordpressssf\/wp-json\/wp\/v2\/pages\/67","targetHints":{"allow":["GET"]}}],"collection":[{"href":"https:\/\/halvarsson.no-ip.com\/wordpressssf\/wp-json\/wp\/v2\/pages"}],"about":[{"href":"https:\/\/halvarsson.no-ip.com\/wordpressssf\/wp-json\/wp\/v2\/types\/page"}],"author":[{"embeddable":true,"href":"https:\/\/halvarsson.no-ip.com\/wordpressssf\/wp-json\/wp\/v2\/users\/1"}],"replies":[{"embeddable":true,"href":"https:\/\/halvarsson.no-ip.com\/wordpressssf\/wp-json\/wp\/v2\/comments?post=67"}],"version-history":[{"count":2,"href":"https:\/\/halvarsson.no-ip.com\/wordpressssf\/wp-json\/wp\/v2\/pages\/67\/revisions"}],"predecessor-version":[{"id":265,"href":"https:\/\/halvarsson.no-ip.com\/wordpressssf\/wp-json\/wp\/v2\/pages\/67\/revisions\/265"}],"wp:attachment":[{"href":"https:\/\/halvarsson.no-ip.com\/wordpressssf\/wp-json\/wp\/v2\/media?parent=67"}],"curies":[{"name":"wp","href":"https:\/\/api.w.org\/{rel}","templated":true}]}}