{"id":94,"date":"2022-10-24T11:38:45","date_gmt":"2022-10-24T11:38:45","guid":{"rendered":"https:\/\/halvarsson.no-ip.com\/wordpressssf\/?page_id=94"},"modified":"2022-10-24T11:38:45","modified_gmt":"2022-10-24T11:38:45","slug":"ungdomsledare","status":"publish","type":"page","link":"https:\/\/halvarsson.no-ip.com\/wordpressssf\/ungdomsledare\/","title":{"rendered":"Ungdomsledare"},"content":{"rendered":"\n<p>F\u00f6r varje klubb finns m\u00f6jligheten att f\u00f6ra n\u00e4rvarokort per termin i medlemssystemet.<\/p>\n\n\n\n<p>G\u00e5 till din klubb och v\u00e4lj Ungdomsledare i dropdownmenyn h\u00f6gst upp till v\u00e4nster.<\/p>\n\n\n\n<figure class=\"wp-block-image size-full\"><img loading=\"lazy\" decoding=\"async\" width=\"678\" height=\"564\" src=\"https:\/\/halvarsson.no-ip.com\/wordpressssf\/wp-content\/uploads\/2022\/10\/image-2.png\" alt=\"\" class=\"wp-image-96\" srcset=\"https:\/\/halvarsson.no-ip.com\/wordpressssf\/wp-content\/uploads\/2022\/10\/image-2.png 678w, https:\/\/halvarsson.no-ip.com\/wordpressssf\/wp-content\/uploads\/2022\/10\/image-2-300x250.png 300w, https:\/\/halvarsson.no-ip.com\/wordpressssf\/wp-content\/uploads\/2022\/10\/image-2-600x499.png 600w\" sizes=\"auto, (max-width: 678px) 100vw, 678px\" \/><\/figure>\n\n\n\n<p>D\u00e5 kommer du till sidan f\u00f6r att hantera n\u00e4rvaro och n\u00e4rvarokort.<\/p>\n\n\n\n<figure class=\"wp-block-image size-full\"><img loading=\"lazy\" decoding=\"async\" width=\"556\" height=\"286\" src=\"https:\/\/halvarsson.no-ip.com\/wordpressssf\/wp-content\/uploads\/2022\/10\/image-3.png\" alt=\"\" class=\"wp-image-97\" srcset=\"https:\/\/halvarsson.no-ip.com\/wordpressssf\/wp-content\/uploads\/2022\/10\/image-3.png 556w, https:\/\/halvarsson.no-ip.com\/wordpressssf\/wp-content\/uploads\/2022\/10\/image-3-300x154.png 300w\" sizes=\"auto, (max-width: 556px) 100vw, 556px\" \/><\/figure>\n\n\n\n<p>Du kan v\u00e4lja \u00e5r, termin och ett specifikt n\u00e4rvarokort.<\/p>\n\n\n\n<p>Du kan \u00e4ven skapa ett nytt eller v\u00e4lja att exportera statistik f\u00f6r alla n\u00e4rvarokort f\u00f6r valt \u00e5r och termin till excel genom att klicka p\u00e5 excel-symbolen.<\/p>\n\n\n\n<p>V\u00e4ljer du att skapa ett nytt n\u00e4rvarokort f\u00e5r du s\u00e4tta ett namn p\u00e5 det.<\/p>\n\n\n\n<p>Sen f\u00e5r du v\u00e4lja period som n\u00e4rvarokortet g\u00e4ller med start och slutdatum f\u00f6r den valda terminen. Sen kan du v\u00e4lja vilka dagar som ni har aktivteter p\u00e5 detta n\u00e4rvarokort. Ni kanske har tr\u00e4ning varje tisdag, v\u00e4lj d\u00e5 tisdag.<\/p>\n\n\n\n<figure class=\"wp-block-image size-full\"><img loading=\"lazy\" decoding=\"async\" width=\"750\" height=\"357\" src=\"https:\/\/halvarsson.no-ip.com\/wordpressssf\/wp-content\/uploads\/2022\/10\/image-4.png\" alt=\"\" class=\"wp-image-98\" srcset=\"https:\/\/halvarsson.no-ip.com\/wordpressssf\/wp-content\/uploads\/2022\/10\/image-4.png 750w, https:\/\/halvarsson.no-ip.com\/wordpressssf\/wp-content\/uploads\/2022\/10\/image-4-300x143.png 300w, https:\/\/halvarsson.no-ip.com\/wordpressssf\/wp-content\/uploads\/2022\/10\/image-4-600x286.png 600w\" sizes=\"auto, (max-width: 750px) 100vw, 750px\" \/><\/figure>\n\n\n\n<p>Klicka sedan p\u00e5 Skapa sammankomster n\u00e4r du \u00e4r klar.<\/p>\n\n\n\n<p>D\u00e5 kommer du till ditt skapade n\u00e4rvarokort:<\/p>\n\n\n\n<figure class=\"wp-block-image size-full\"><img loading=\"lazy\" decoding=\"async\" width=\"740\" height=\"504\" src=\"https:\/\/halvarsson.no-ip.com\/wordpressssf\/wp-content\/uploads\/2022\/10\/image-6.png\" alt=\"\" class=\"wp-image-100\" srcset=\"https:\/\/halvarsson.no-ip.com\/wordpressssf\/wp-content\/uploads\/2022\/10\/image-6.png 740w, https:\/\/halvarsson.no-ip.com\/wordpressssf\/wp-content\/uploads\/2022\/10\/image-6-300x204.png 300w, https:\/\/halvarsson.no-ip.com\/wordpressssf\/wp-content\/uploads\/2022\/10\/image-6-600x409.png 600w\" sizes=\"auto, (max-width: 740px) 100vw, 740px\" \/><\/figure>\n\n\n\n<p>Det ser ut som ett klassiskt n\u00e4rvarokort.<\/p>\n\n\n\n<p>N\u00e4sta steg \u00e4r att l\u00e4gga till deltagare och ledare.<\/p>\n\n\n\n<p>Du kan v\u00e4lja mellan alla aktuella medlemmar i klubben i f\u00f6rsta drop-down menyn och klicka p\u00e5 L\u00e4gg till ungdom.<\/p>\n\n\n\n<figure class=\"wp-block-image size-full\"><img loading=\"lazy\" decoding=\"async\" width=\"746\" height=\"541\" src=\"https:\/\/halvarsson.no-ip.com\/wordpressssf\/wp-content\/uploads\/2022\/10\/image-7.png\" alt=\"\" class=\"wp-image-101\" srcset=\"https:\/\/halvarsson.no-ip.com\/wordpressssf\/wp-content\/uploads\/2022\/10\/image-7.png 746w, https:\/\/halvarsson.no-ip.com\/wordpressssf\/wp-content\/uploads\/2022\/10\/image-7-300x218.png 300w, https:\/\/halvarsson.no-ip.com\/wordpressssf\/wp-content\/uploads\/2022\/10\/image-7-600x435.png 600w\" sizes=\"auto, (max-width: 746px) 100vw, 746px\" \/><\/figure>\n\n\n\n<p>Ovan har jag lagt till Fredrik Adolfsson och han ramlar in i n\u00e4rvarokortet.<\/p>\n\n\n\n<p>I dropdownen f\u00f6r ledare s\u00e5 kan man v\u00e4lja bland de i klubben som har rollen Ungdomsledare. F\u00f6r att l\u00e4gga till fler, g\u00e5 till medlemmen och hantera dess roller.<\/p>\n\n\n\n<p>Under\/efter f\u00f6rsta n\u00e4rvaro-tillf\u00e4llet s\u00e5 kan man klicka i vilka som var d\u00e4r genom att klicka i checkboxarna f\u00f6r 25 oktober kolumnen.<\/p>\n\n\n\n<p>Man kan \u00e4ven v\u00e4lja ett tillf\u00e4lle (tex 25 oktober) uppe till h\u00f6ger i drop-down menyn Tillf\u00e4lle.<\/p>\n\n\n\n<p>D\u00e5 f\u00e5r man upp checkboxar f\u00f6r bara det tillf\u00e4llet, vilket kan vara l\u00e4ttare att hantera, speciellt om man har en mobil.<\/p>\n\n\n\n<figure class=\"wp-block-image size-full\"><img loading=\"lazy\" decoding=\"async\" width=\"683\" height=\"294\" src=\"https:\/\/halvarsson.no-ip.com\/wordpressssf\/wp-content\/uploads\/2022\/10\/image-8.png\" alt=\"\" class=\"wp-image-102\" srcset=\"https:\/\/halvarsson.no-ip.com\/wordpressssf\/wp-content\/uploads\/2022\/10\/image-8.png 683w, https:\/\/halvarsson.no-ip.com\/wordpressssf\/wp-content\/uploads\/2022\/10\/image-8-300x129.png 300w, https:\/\/halvarsson.no-ip.com\/wordpressssf\/wp-content\/uploads\/2022\/10\/image-8-600x258.png 600w\" sizes=\"auto, (max-width: 683px) 100vw, 683px\" \/><\/figure>\n\n\n\n<p><\/p>\n\n\n\n<p>Det finns \u00e4ven en excelknapp, det exporterar detta n\u00e4rvarokortet till excel, samt en mail-knapp som skapar ett mail till alla deltagare p\u00e5 n\u00e4rvarokortet om du vill kontakta dom.<\/p>\n\n\n\n<p><\/p>\n","protected":false},"excerpt":{"rendered":"<p>F\u00f6r varje klubb finns m\u00f6jligheten att f\u00f6ra n\u00e4rvarokort per termin i medlemssystemet. G\u00e5 till din klubb och v\u00e4lj Ungdomsledare i dropdownmenyn h\u00f6gst upp till v\u00e4nster. D\u00e5 kommer du till sidan f\u00f6r att hantera n\u00e4rvaro och n\u00e4rvarokort. Du kan v\u00e4lja \u00e5r, termin och ett specifikt n\u00e4rvarokort. Du kan \u00e4ven skapa ett nytt eller v\u00e4lja att exportera statistik f\u00f6r alla n\u00e4rvarokort f\u00f6r valt \u00e5r och termin till excel genom att klicka p\u00e5 excel-symbolen. V\u00e4ljer du att skapa ett nytt n\u00e4rvarokort f\u00e5r du s\u00e4tta ett namn p\u00e5 det. Sen f\u00e5r du v\u00e4lja period som n\u00e4rvarokortet g\u00e4ller med start och slutdatum f\u00f6r den valda&#46;&#46;&#46;<\/p>\n","protected":false},"author":1,"featured_media":0,"parent":0,"menu_order":0,"comment_status":"closed","ping_status":"closed","template":"","meta":{"footnotes":""},"class_list":["post-94","page","type-page","status-publish","hentry"],"_links":{"self":[{"href":"https:\/\/halvarsson.no-ip.com\/wordpressssf\/wp-json\/wp\/v2\/pages\/94","targetHints":{"allow":["GET"]}}],"collection":[{"href":"https:\/\/halvarsson.no-ip.com\/wordpressssf\/wp-json\/wp\/v2\/pages"}],"about":[{"href":"https:\/\/halvarsson.no-ip.com\/wordpressssf\/wp-json\/wp\/v2\/types\/page"}],"author":[{"embeddable":true,"href":"https:\/\/halvarsson.no-ip.com\/wordpressssf\/wp-json\/wp\/v2\/users\/1"}],"replies":[{"embeddable":true,"href":"https:\/\/halvarsson.no-ip.com\/wordpressssf\/wp-json\/wp\/v2\/comments?post=94"}],"version-history":[{"count":1,"href":"https:\/\/halvarsson.no-ip.com\/wordpressssf\/wp-json\/wp\/v2\/pages\/94\/revisions"}],"predecessor-version":[{"id":103,"href":"https:\/\/halvarsson.no-ip.com\/wordpressssf\/wp-json\/wp\/v2\/pages\/94\/revisions\/103"}],"wp:attachment":[{"href":"https:\/\/halvarsson.no-ip.com\/wordpressssf\/wp-json\/wp\/v2\/media?parent=94"}],"curies":[{"name":"wp","href":"https:\/\/api.w.org\/{rel}","templated":true}]}}